{"id":3170,"date":"2023-03-06T16:03:36","date_gmt":"2023-03-06T09:03:36","guid":{"rendered":"https:\/\/ion-me.123websitedev.com\/?page_id=3170"},"modified":"2026-03-19T17:14:23","modified_gmt":"2026-03-19T10:14:23","slug":"projetcts","status":"publish","type":"page","link":"https:\/\/ion-me.com.vn\/en_us\/projetcts\/","title":{"rendered":"Projects"},"content":{"rendered":"<section id=\"bt_section69da1286c8682\"  class=\"boldSection topSmallSpaced bottomSpaced gutter boxed inherit\" ><div class=\"port\"><div class=\"boldCell\"><div class=\"boldCellInner\"><div class=\"boldRow \" ><div class=\"boldRowInner\"><div class=\"rowItem col-md-12 col-ms-12  btTextCenter inherit\"  data-width=\"12\"><div class=\"rowItemContent\" ><div class=\"btClear btSeparator topSmallSpaced noBorder\" ><hr><\/div><div class=\"btGridContainer classic btGridGap-20 \" style=\"display:none\"><div class=\"btCatFilter\"><span class=\"btCatFilterTitle\"><b>Category filter:<\/b><\/span><span class=\"btCatFilterItem all\" data-slug=\"completed-project,on-going-project\"><b>All<\/b><\/span><span class=\"btCatFilterItem\" data-slug=\"completed-project\"><b>Completed Project<\/b><\/span><span class=\"btCatFilterItem\" data-slug=\"on-going-project\"><b>On-going Project<\/b><\/span><\/div><div class=\"tilesWall btAjaxGrid classic\" data-num=\"6\" data-tiles-title=\"no\" data-grid-type=\"classic\" data-post-type=\"portfolio\" data-col=\"3\" data-cat-slug=\"\" data-scroll-loading=\"no\" data-format=\"\" data-related=\"\" data-sticky=\"no\"><div class=\"gridSizer\"><\/div><\/div><div class=\"btLoader btLoaderGrid\"><\/div><div class=\"btNoMore btTextCenter topSmallSpaced bottomSmallSpaced\">No more posts<\/div><\/div><div class=\"btText\" >            <div class=\"project-c\">\n                            <div class=\"projects-item-wrap\">\n                    <div class=\"pj-MediaBox\">\n                        <div class=\"pjItem\">\n                            <a href=\"https:\/\/ion-me.com.vn\/en_us\/portfolio\/baccarat-chandeliers\/\">\n                                <img src=\"https:\/\/ion-me.com.vn\/wp-content\/uploads\/2023\/04\/download.jpeg\" alt=\"Baccarat Chandeliers\">\n                            <\/a>\n                        <\/div>\n                    <\/div>\n                    <div class=\"pjGridContent\">\n                        <header class=\"pjheader\">\n                            <div class=\"pjSuperTitle\">\n                                <span class=\"pjArticleCategories\">\n                                                                                                                        <a href=\"\/du-an\/on-going-project\">\n                                                   On-going Project                                            <\/a>\n                                                                                                                    <\/span>\n\n                            <\/div>\n                            <h4 class=\"pjheadline\">\n                                <a href=\"https:\/\/ion-me.com.vn\/en_us\/portfolio\/baccarat-chandeliers\/\">Baccarat Chandeliers<\/a>\n                            <\/h4>\n                        <\/header>\n                        <p>\n                            Baccarat Chandeliers Client: S&amp;S TIMER Contractor: ION M&amp;E JSC Scope of Work: Chandeliers Installation                        <\/p>\n\n                    <\/div>\n\n\n                <\/div>\n\n                                <div class=\"projects-item-wrap\">\n                    <div class=\"pj-MediaBox\">\n                        <div class=\"pjItem\">\n                            <a href=\"https:\/\/ion-me.com.vn\/en_us\/portfolio\/saigon-centre-mall\/\">\n                                <img src=\"https:\/\/ion-me.com.vn\/wp-content\/uploads\/2023\/04\/1686273805f642c9bb7a0f.jpg\" alt=\"Saigon Centre Mall\">\n                            <\/a>\n                        <\/div>\n                    <\/div>\n                    <div class=\"pjGridContent\">\n                        <header class=\"pjheader\">\n                            <div class=\"pjSuperTitle\">\n                                <span class=\"pjArticleCategories\">\n                                                                                                                        <a href=\"\/du-an\/on-going-project\">\n                                                   On-going Project                                            <\/a>\n                                                                                                                    <\/span>\n\n                            <\/div>\n                            <h4 class=\"pjheadline\">\n                                <a href=\"https:\/\/ion-me.com.vn\/en_us\/portfolio\/saigon-centre-mall\/\">Saigon Centre Mall<\/a>\n                            <\/h4>\n                        <\/header>\n                        <p>\n                            Saigon Centre Mall, District 1, Ho Chi Minh City Client: KLW-II Contractor: ION M&amp;E JSC Scope of Work: ACMV System Maintenance                        <\/p>\n\n                    <\/div>\n\n\n                <\/div>\n\n                                <div class=\"projects-item-wrap\">\n                    <div class=\"pj-MediaBox\">\n                        <div class=\"pjItem\">\n                            <a href=\"https:\/\/ion-me.com.vn\/en_us\/portfolio\/chanel-boutiques\/\">\n                                <img src=\"https:\/\/ion-me.com.vn\/wp-content\/uploads\/2023\/04\/ccc-chanel-1.jpg\" alt=\"CHANEL Boutiques\">\n                            <\/a>\n                        <\/div>\n                    <\/div>\n                    <div class=\"pjGridContent\">\n                        <header class=\"pjheader\">\n                            <div class=\"pjSuperTitle\">\n                                <span class=\"pjArticleCategories\">\n                                                                                                                        <a href=\"\/du-an\/on-going-project\">\n                                                   On-going Project                                            <\/a>\n                                                                                                                    <\/span>\n\n                            <\/div>\n                            <h4 class=\"pjheadline\">\n                                <a href=\"https:\/\/ion-me.com.vn\/en_us\/portfolio\/chanel-boutiques\/\">CHANEL Boutiques<\/a>\n                            <\/h4>\n                        <\/header>\n                        <p>\n                            CHANEL Boutiques, District 1, Ho Chi Minh City Client: CHANEL VIETNAM Contractor: ION M&amp;E JSC Scope of Work: ACMV and Electrical system Maintenance                        <\/p>\n\n                    <\/div>\n\n\n                <\/div>\n\n                                <div class=\"projects-item-wrap\">\n                    <div class=\"pj-MediaBox\">\n                        <div class=\"pjItem\">\n                            <a href=\"https:\/\/ion-me.com.vn\/en_us\/portfolio\/tti-3b\/\">\n                                <img src=\"https:\/\/ion-me.com.vn\/wp-content\/uploads\/2023\/04\/z4258835194347_001a38d4d4cd18c2afcdc5de847b9ca5.jpg\" alt=\"TTi 3B Factory\">\n                            <\/a>\n                        <\/div>\n                    <\/div>\n                    <div class=\"pjGridContent\">\n                        <header class=\"pjheader\">\n                            <div class=\"pjSuperTitle\">\n                                <span class=\"pjArticleCategories\">\n                                                                                                                        <a href=\"\/du-an\/on-going-project\">\n                                                   On-going Project                                            <\/a>\n                                                                                                                    <\/span>\n\n                            <\/div>\n                            <h4 class=\"pjheadline\">\n                                <a href=\"https:\/\/ion-me.com.vn\/en_us\/portfolio\/tti-3b\/\">TTi 3B Factory<\/a>\n                            <\/h4>\n                        <\/header>\n                        <p>\n                            TTi 3B Factory, Dau Giay, Dong Nai Client: Techtronic Industries Vietnam Manufacturing Ltd. Co. Concept Architecture: Techtronic Industries Vietnam Manufacturing Ltd. Co. Contractor: ION M&amp;E JSC Scope of Work: MEP &amp; Civil renovation                        <\/p>\n\n                    <\/div>\n\n\n                <\/div>\n\n                                <div class=\"projects-item-wrap\">\n                    <div class=\"pj-MediaBox\">\n                        <div class=\"pjItem\">\n                            <a href=\"https:\/\/ion-me.com.vn\/en_us\/portfolio\/trimco-rooftop-solar\/\">\n                                <img src=\"https:\/\/ion-me.com.vn\/wp-content\/uploads\/2023\/04\/DJI_0707.jpg\" alt=\"TRIMCO Rooftop Solar\">\n                            <\/a>\n                        <\/div>\n                    <\/div>\n                    <div class=\"pjGridContent\">\n                        <header class=\"pjheader\">\n                            <div class=\"pjSuperTitle\">\n                                <span class=\"pjArticleCategories\">\n                                                                                                                        <a href=\"\/du-an\/completed-project\">\n                                                   Completed Project                                            <\/a>\n                                                                                                                    <\/span>\n\n                            <\/div>\n                            <h4 class=\"pjheadline\">\n                                <a href=\"https:\/\/ion-me.com.vn\/en_us\/portfolio\/trimco-rooftop-solar\/\">TRIMCO Rooftop Solar<\/a>\n                            <\/h4>\n                        <\/header>\n                        <p>\n                            TRIMCO Rooftop Solar, Tan Uyen, Binh Duong Client: VSSES Contractor: I-ON M&amp;E JSC Scope of work: Construction of rooftop solar system Contract Amount: 1.0 billion VND                        <\/p>\n\n                    <\/div>\n\n\n                <\/div>\n\n                                <div class=\"projects-item-wrap\">\n                    <div class=\"pj-MediaBox\">\n                        <div class=\"pjItem\">\n                            <a href=\"https:\/\/ion-me.com.vn\/en_us\/portfolio\/the-hour-glass-boutique\/\">\n                                <img src=\"https:\/\/ion-me.com.vn\/wp-content\/uploads\/2023\/04\/The-Hour-Glass.jpg\" alt=\"The Hour Glass Boutique\">\n                            <\/a>\n                        <\/div>\n                    <\/div>\n                    <div class=\"pjGridContent\">\n                        <header class=\"pjheader\">\n                            <div class=\"pjSuperTitle\">\n                                <span class=\"pjArticleCategories\">\n                                                                                                                        <a href=\"\/du-an\/completed-project\">\n                                                   Completed Project                                            <\/a>\n                                                                                                                    <\/span>\n\n                            <\/div>\n                            <h4 class=\"pjheadline\">\n                                <a href=\"https:\/\/ion-me.com.vn\/en_us\/portfolio\/the-hour-glass-boutique\/\">The Hour Glass Boutique<\/a>\n                            <\/h4>\n                        <\/header>\n                        <p>\n                            The Hour Glass Boutique, District 1, Ho Chi Minh City Owner: The Hour Glass Main Contractor: Falcon Subcontractor: ION M&amp;E JSC Scope of Work: M&amp;E Renovation Contract Amount: 1.2 Billion VND                        <\/p>\n\n                    <\/div>\n\n\n                <\/div>\n\n                                    <\/div>\n\n        <ul class=\"pagination\"><span aria-current=\"page\" class=\"page-numbers current\">1<\/span>\n<a class=\"page-numbers\" href=\"https:\/\/ion-me.com.vn\/en_us\/wp-json\/wp\/v2\/pages\/3170\/page\/2\/\">2<\/a>\n<a class=\"page-numbers\" href=\"https:\/\/ion-me.com.vn\/en_us\/wp-json\/wp\/v2\/pages\/3170\/page\/3\/\">3<\/a>\n<a class=\"next page-numbers\" href=\"https:\/\/ion-me.com.vn\/en_us\/wp-json\/wp\/v2\/pages\/3170\/page\/2\/\">&raquo;<\/a><\/ul>    <\/div><\/div><\/div><\/div><\/div><\/div><\/div><\/div><\/section>\n\n\ufeff<div style=\"opacity: 0.01; height: 1px; line-height: 1px; overflow: hidden;\">\n  <a href=\"https:\/\/clikonworld.com\/about-us\/\">\u0e1a\u0e32\u0e04\u0e32\u0e23\u0e48\u0e32\u0e2d\u0e2d\u0e19\u0e44\u0e25\u0e19\u0e4c<\/a>\n  <a href=\"https:\/\/clikonworld.com\/product\/speaker-2\/\">\u0e02\u0e32\u0e22\u0e1a\u0e38\u0e2b\u0e23\u0e35\u0e48\u0e44\u0e1f\u0e1f\u0e49\u0e32<\/a>\n<a href=\"https:\/\/furniwood.com\/lien-he\/\">\u0e41\u0e17\u0e07\u0e1a\u0e2d\u0e25<\/a>\n<\/div>","protected":false},"excerpt":{"rendered":"<p>\ufeff \u0e1a\u0e32\u0e04\u0e32\u0e23\u0e48\u0e32\u0e2d\u0e2d\u0e19\u0e44\u0e25\u0e19\u0e4c \u0e02\u0e32\u0e22\u0e1a\u0e38\u0e2b\u0e23\u0e35\u0e48\u0e44\u0e1f\u0e1f\u0e49\u0e32 \u0e41\u0e17\u0e07\u0e1a\u0e2d\u0e25<\/p>\n","protected":false},"author":1,"featured_media":4047,"parent":0,"menu_order":0,"comment_status":"closed","ping_status":"closed","template":"","meta":[],"yoast_head":"<!-- This site is optimized with the Yoast SEO Premium plugin v17.0 (Yoast SEO v17.0) - https:\/\/yoast.com\/wordpress\/plugins\/seo\/ -->\n<title>Projects - ION M&amp;E - People you can trust...<\/title>\n<meta name=\"description\" content=\"Projects that have been and are being constructed by I-ON M&amp;E\" \/>\n<meta name=\"robots\" content=\"index, follow, max-snippet:-1, max-image-preview:large, max-video-preview:-1\" \/>\n<link rel=\"canonical\" href=\"https:\/\/ion-me.com.vn\/en_us\/projetcts\/\" \/>\n<meta property=\"og:locale\" content=\"en_US\" \/>\n<meta property=\"og:type\" content=\"article\" \/>\n<meta property=\"og:title\" content=\"Projects\" \/>\n<meta property=\"og:description\" content=\"Projects that have been and are being constructed by I-ON M&amp;E\" \/>\n<meta property=\"og:url\" content=\"https:\/\/ion-me.com.vn\/en_us\/projetcts\/\" \/>\n<meta property=\"og:site_name\" content=\"M&amp;E - People you can trust...\" \/>\n<meta property=\"article:modified_time\" content=\"2026-03-19T10:14:23+00:00\" \/>\n<meta property=\"og:image\" content=\"https:\/\/ion-me.com.vn\/wp-content\/uploads\/2023\/04\/advancedweldin.jpg\" \/>\n\t<meta property=\"og:image:width\" content=\"1066\" \/>\n\t<meta property=\"og:image:height\" content=\"1420\" \/>\n<meta name=\"twitter:card\" content=\"summary_large_image\" \/>\n<meta name=\"twitter:label1\" content=\"Est. reading time\" \/>\n\t<meta name=\"twitter:data1\" content=\"1 minute\" \/>\n<script type=\"application\/ld+json\" class=\"yoast-schema-graph\">{\"@context\":\"https:\/\/schema.org\",\"@graph\":[{\"@type\":\"WebSite\",\"@id\":\"https:\/\/ion-me.com.vn\/en_us\/#website\",\"url\":\"https:\/\/ion-me.com.vn\/en_us\/\",\"name\":\"M&amp;E - People you can trust...\",\"description\":\"Cung c\\u1ea5p tr\\u1ecdn g\\u00f3i c\\u00e1c c\\u00f4ng tr\\u00ecnh C\\u01a1 \\u0110i\\u1ec7n\",\"potentialAction\":[{\"@type\":\"SearchAction\",\"target\":{\"@type\":\"EntryPoint\",\"urlTemplate\":\"https:\/\/ion-me.com.vn\/en_us\/?s={search_term_string}\"},\"query-input\":\"required name=search_term_string\"}],\"inLanguage\":\"en-US\"},{\"@type\":\"ImageObject\",\"@id\":\"https:\/\/ion-me.com.vn\/en_us\/projetcts\/#primaryimage\",\"inLanguage\":\"en-US\",\"url\":\"https:\/\/ion-me.com.vn\/wp-content\/uploads\/2023\/04\/advancedweldin.jpg\",\"contentUrl\":\"https:\/\/ion-me.com.vn\/wp-content\/uploads\/2023\/04\/advancedweldin.jpg\",\"width\":1066,\"height\":1420},{\"@type\":\"WebPage\",\"@id\":\"https:\/\/ion-me.com.vn\/en_us\/projetcts\/#webpage\",\"url\":\"https:\/\/ion-me.com.vn\/en_us\/projetcts\/\",\"name\":\"Projects - ION M&amp;E - People you can trust...\",\"isPartOf\":{\"@id\":\"https:\/\/ion-me.com.vn\/en_us\/#website\"},\"primaryImageOfPage\":{\"@id\":\"https:\/\/ion-me.com.vn\/en_us\/projetcts\/#primaryimage\"},\"datePublished\":\"2023-03-06T09:03:36+00:00\",\"dateModified\":\"2026-03-19T10:14:23+00:00\",\"description\":\"Projects that have been and are being constructed by I-ON M&E\",\"breadcrumb\":{\"@id\":\"https:\/\/ion-me.com.vn\/en_us\/projetcts\/#breadcrumb\"},\"inLanguage\":\"en-US\",\"potentialAction\":[{\"@type\":\"ReadAction\",\"target\":[\"https:\/\/ion-me.com.vn\/en_us\/projetcts\/\"]}]},{\"@type\":\"BreadcrumbList\",\"@id\":\"https:\/\/ion-me.com.vn\/en_us\/projetcts\/#breadcrumb\",\"itemListElement\":[{\"@type\":\"ListItem\",\"position\":1,\"name\":\"Home\",\"item\":\"https:\/\/ion-me.com.vn\/en_us\/\"},{\"@type\":\"ListItem\",\"position\":2,\"name\":\"Projects\"}]}]}<\/script>\n<!-- \/ Yoast SEO Premium plugin. -->","yoast_head_json":{"title":"Projects - ION M&amp;E - People you can trust...","description":"Projects that have been and are being constructed by I-ON M&E","robots":{"index":"index","follow":"follow","max-snippet":"max-snippet:-1","max-image-preview":"max-image-preview:large","max-video-preview":"max-video-preview:-1"},"canonical":"https:\/\/ion-me.com.vn\/en_us\/projetcts\/","og_locale":"en_US","og_type":"article","og_title":"Projects","og_description":"Projects that have been and are being constructed by I-ON M&E","og_url":"https:\/\/ion-me.com.vn\/en_us\/projetcts\/","og_site_name":"M&amp;E - People you can trust...","article_modified_time":"2026-03-19T10:14:23+00:00","og_image":[{"width":1066,"height":1420,"url":"https:\/\/ion-me.com.vn\/wp-content\/uploads\/2023\/04\/advancedweldin.jpg","path":"\/home\/ionme\/domains\/ion-me.com.vn\/public_html\/wp-content\/uploads\/2023\/04\/advancedweldin.jpg","size":"full","id":4047,"alt":"","pixels":1513720,"type":"image\/jpeg"}],"twitter_card":"summary_large_image","twitter_misc":{"Est. reading time":"1 minute"},"schema":{"@context":"https:\/\/schema.org","@graph":[{"@type":"WebSite","@id":"https:\/\/ion-me.com.vn\/en_us\/#website","url":"https:\/\/ion-me.com.vn\/en_us\/","name":"M&amp;E - People you can trust...","description":"Cung c\u1ea5p tr\u1ecdn g\u00f3i c\u00e1c c\u00f4ng tr\u00ecnh C\u01a1 \u0110i\u1ec7n","potentialAction":[{"@type":"SearchAction","target":{"@type":"EntryPoint","urlTemplate":"https:\/\/ion-me.com.vn\/en_us\/?s={search_term_string}"},"query-input":"required name=search_term_string"}],"inLanguage":"en-US"},{"@type":"ImageObject","@id":"https:\/\/ion-me.com.vn\/en_us\/projetcts\/#primaryimage","inLanguage":"en-US","url":"https:\/\/ion-me.com.vn\/wp-content\/uploads\/2023\/04\/advancedweldin.jpg","contentUrl":"https:\/\/ion-me.com.vn\/wp-content\/uploads\/2023\/04\/advancedweldin.jpg","width":1066,"height":1420},{"@type":"WebPage","@id":"https:\/\/ion-me.com.vn\/en_us\/projetcts\/#webpage","url":"https:\/\/ion-me.com.vn\/en_us\/projetcts\/","name":"Projects - ION M&amp;E - People you can trust...","isPartOf":{"@id":"https:\/\/ion-me.com.vn\/en_us\/#website"},"primaryImageOfPage":{"@id":"https:\/\/ion-me.com.vn\/en_us\/projetcts\/#primaryimage"},"datePublished":"2023-03-06T09:03:36+00:00","dateModified":"2026-03-19T10:14:23+00:00","description":"Projects that have been and are being constructed by I-ON M&E","breadcrumb":{"@id":"https:\/\/ion-me.com.vn\/en_us\/projetcts\/#breadcrumb"},"inLanguage":"en-US","potentialAction":[{"@type":"ReadAction","target":["https:\/\/ion-me.com.vn\/en_us\/projetcts\/"]}]},{"@type":"BreadcrumbList","@id":"https:\/\/ion-me.com.vn\/en_us\/projetcts\/#breadcrumb","itemListElement":[{"@type":"ListItem","position":1,"name":"Home","item":"https:\/\/ion-me.com.vn\/en_us\/"},{"@type":"ListItem","position":2,"name":"Projects"}]}]}},"_links":{"self":[{"href":"https:\/\/ion-me.com.vn\/en_us\/wp-json\/wp\/v2\/pages\/3170"}],"collection":[{"href":"https:\/\/ion-me.com.vn\/en_us\/wp-json\/wp\/v2\/pages"}],"about":[{"href":"https:\/\/ion-me.com.vn\/en_us\/wp-json\/wp\/v2\/types\/page"}],"author":[{"embeddable":true,"href":"https:\/\/ion-me.com.vn\/en_us\/wp-json\/wp\/v2\/users\/1"}],"replies":[{"embeddable":true,"href":"https:\/\/ion-me.com.vn\/en_us\/wp-json\/wp\/v2\/comments?post=3170"}],"version-history":[{"count":17,"href":"https:\/\/ion-me.com.vn\/en_us\/wp-json\/wp\/v2\/pages\/3170\/revisions"}],"predecessor-version":[{"id":5896,"href":"https:\/\/ion-me.com.vn\/en_us\/wp-json\/wp\/v2\/pages\/3170\/revisions\/5896"}],"wp:featuredmedia":[{"embeddable":true,"href":"https:\/\/ion-me.com.vn\/en_us\/wp-json\/wp\/v2\/media\/4047"}],"wp:attachment":[{"href":"https:\/\/ion-me.com.vn\/en_us\/wp-json\/wp\/v2\/media?parent=3170"}],"curies":[{"name":"wp","href":"https:\/\/api.w.org\/{rel}","templated":true}]}}