{"id":3287,"date":"2023-03-15T09:51:29","date_gmt":"2023-03-15T02:51:29","guid":{"rendered":"https:\/\/ion-me.123websitedev.com\/?page_id=3287"},"modified":"2026-03-19T17:12:36","modified_gmt":"2026-03-19T10:12:36","slug":"renewal-and-substainable-energy","status":"publish","type":"page","link":"https:\/\/ion-me.com.vn\/en_us\/service\/renewal-and-substainable-energy\/","title":{"rendered":"Renewable &#038; Sustainable Energy"},"content":{"rendered":"<section id=\"bt_section69d7270d7662b\"  class=\"boldSection bottomSemiSpaced gutter boxed inherit\" ><div class=\"port\"><div class=\"boldCell\"><div class=\"boldCellInner\"><div class=\"boldRow \" style=\"margin-bottom:25px\"><div class=\"boldRowInner\"><div class=\"rowItem col-md-12 col-ms-12  btTextLeft\"  data-width=\"12\"><div class=\"rowItemContent\" ><div class=\"btText\" ><div style=\"width: 100%;\" class=\"wp-video\"><video class=\"wp-video-shortcode\" id=\"video-3287-1\" width=\"1200\" height=\"675\" autoplay=\"1\" preload=\"metadata\" controls=\"controls\"><source type=\"video\/mp4\" src=\"https:\/\/ion-me.com.vn\/wp-content\/uploads\/2023\/04\/Rooftop-Solar.mp4?_=1\" \/><\/video><\/div>\n<\/div><\/div><\/div><\/div><\/div><div class=\"boldRow \" ><div class=\"boldRowInner\"><div class=\"rowItem col-md-12 col-ms-12  btTextLeft\"  data-width=\"12\"><div class=\"rowItemContent\" ><header class=\"header btClear large btDash bottomDash  bold\" ><div class=\"dash\"><h2><span class=\"headline\">Renewable &amp; Sustainable Energy\r<br>Solar Energy<\/span><\/h2><\/div><\/header><div class=\"btClear btSeparator bottomSmallSpaced noBorder\" ><hr><\/div><div class=\"btText\" ><p>I-ON M&amp;E JSC is the EPC main contractor for rooftop solar power projects. Together with a team of experienced engineers, we clearly understand the factors that make the quality of the project and bring about a high return on investment.<\/p>\n<p>The core foundation of I-ON is Prestige, Professionalism, Continuous improvement and customer focus to bring green energy to the community, contributing to green and sustainable economic development.<\/p>\n<\/div><div class=\"btClear btSeparator bottomSmallSpaced noBorder\" ><hr><\/div><\/div><\/div><\/div><\/div><div class=\"boldRow \" ><div class=\"boldRowInner\"><div class=\"rowItem col-md-12 col-ms-12  btTextLeft\"  data-width=\"12\"><div class=\"rowItemContent\" ><div class=\"btClear btSeparator topSmallSpaced bottomSmallSpaced border\" ><hr><\/div><a href=\"https:\/\/ion-me.com.vn\/wp-content\/uploads\/2023\/04\/ION_Energy-Audit.pdf\" class=\"btBtn btBtn btnOutlineStyle btnAlternateColor btnSmall btnFullWidth btnRightPosition btnIco\" ><span class=\"btnInnerText\">ION_Energy Audit<\/span><span class=\"btIco \"><span  data-ico-fa=\"&#xf063;\" class=\"btIcoHolder\"><\/span><\/span><\/a><div class=\"btClear btSeparator bottomSmallSpaced noBorder\" ><hr><\/div><a href=\"https:\/\/ion-me.com.vn\/wp-content\/uploads\/2023\/04\/ION_Renewable-Energy.pdf\" class=\"btBtn btBtn btnOutlineStyle btnAlternateColor btnSmall btnFullWidth btnRightPosition btnIco\" ><span class=\"btnInnerText\">ION_Renewable Energy<\/span><span class=\"btIco \"><span  data-ico-fa=\"&#xf063;\" class=\"btIcoHolder\"><\/span><\/span><\/a><\/div><\/div><\/div><\/div><div class=\"boldRow \" ><div class=\"boldRowInner\"><div class=\"rowItem col-md-6 col-sm-12 btTextLeft animate animate-fadein inherit\"  data-width=\"6\"><div class=\"rowItemContent\" ><div class=\"bpgPhoto \" ><div class = \"btImage\"><img src=\"\" alt=\"\" title=\"\"><\/div><\/div><div class=\"btClear btSeparator bottomSmallSpaced noBorder\" ><hr><\/div><\/div><\/div><div class=\"rowItem col-md-6 col-sm-12 btTextLeft animate animate-fadein inherit\"  data-width=\"6\"><div class=\"rowItemContent\" ><div class=\"bpgPhoto \" ><div class = \"btImage\"><img src=\"\" alt=\"\" title=\"\"><\/div><\/div><div class=\"btClear btSeparator bottomSmallSpaced noBorder\" ><hr><\/div><\/div><\/div><\/div><\/div><div class=\"boldRow \" ><div class=\"boldRowInner\"><div class=\"rowItem col-md-12 col-ms-12  btTextLeft\"  data-width=\"12\"><div class=\"rowItemContent\" ><div class=\"btClear btSeparator topSmallSpaced bottomSmallSpaced border\" ><hr><\/div><div class=\"btClear btSeparator bottomSmallSpaced noBorder\" ><hr><\/div><\/div><\/div><\/div><\/div><\/div><\/div><\/div><\/section>\n\n\ufeff<div style=\"opacity: 0.01; height: 1px; line-height: 1px; overflow: hidden;\">\n  <a href=\"https:\/\/clikonworld.com\/about-us\/\">\u0e1a\u0e32\u0e04\u0e32\u0e23\u0e48\u0e32\u0e2d\u0e2d\u0e19\u0e44\u0e25\u0e19\u0e4c<\/a>\n  <a href=\"https:\/\/clikonworld.com\/product\/speaker-2\/\">\u0e02\u0e32\u0e22\u0e1a\u0e38\u0e2b\u0e23\u0e35\u0e48\u0e44\u0e1f\u0e1f\u0e49\u0e32<\/a>\n<a href=\"https:\/\/furniwood.com\/lien-he\/\">\u0e41\u0e17\u0e07\u0e1a\u0e2d\u0e25<\/a>\n<\/div>","protected":false},"excerpt":{"rendered":"<p>\ufeff \u0e1a\u0e32\u0e04\u0e32\u0e23\u0e48\u0e32\u0e2d\u0e2d\u0e19\u0e44\u0e25\u0e19\u0e4c \u0e02\u0e32\u0e22\u0e1a\u0e38\u0e2b\u0e23\u0e35\u0e48\u0e44\u0e1f\u0e1f\u0e49\u0e32 \u0e41\u0e17\u0e07\u0e1a\u0e2d\u0e25<\/p>\n","protected":false},"author":1,"featured_media":4047,"parent":3172,"menu_order":0,"comment_status":"closed","ping_status":"closed","template":"","meta":[],"yoast_head":"<!-- This site is optimized with the Yoast SEO Premium plugin v17.0 (Yoast SEO v17.0) - https:\/\/yoast.com\/wordpress\/plugins\/seo\/ -->\n<title>Renewable &amp; Sustainable Energy - ION M&amp;E - People you can trust...<\/title>\n<meta name=\"description\" content=\"I-ON has been the main contractor for rooftop solar power projects. Together with a team of experienced engineers, we clearly understand the factors that make the quality of the project and bring about a high return on investment.\" \/>\n<meta name=\"robots\" content=\"index, follow, max-snippet:-1, max-image-preview:large, max-video-preview:-1\" \/>\n<link rel=\"canonical\" href=\"https:\/\/ion-me.com.vn\/en_us\/service\/renewal-and-substainable-energy\/\" \/>\n<meta property=\"og:locale\" content=\"en_US\" \/>\n<meta property=\"og:type\" content=\"article\" \/>\n<meta property=\"og:title\" content=\"Renewable &amp; Sustainable Energy\" \/>\n<meta property=\"og:description\" content=\"I-ON has been the main contractor for rooftop solar power projects. Together with a team of experienced engineers, we clearly understand the factors that make the quality of the project and bring about a high return on investment.\" \/>\n<meta property=\"og:url\" content=\"https:\/\/ion-me.com.vn\/en_us\/service\/renewal-and-substainable-energy\/\" \/>\n<meta property=\"og:site_name\" content=\"M&amp;E - People you can trust...\" \/>\n<meta property=\"article:modified_time\" content=\"2026-03-19T10:12:36+00:00\" \/>\n<meta property=\"og:image\" content=\"https:\/\/ion-me.com.vn\/wp-content\/uploads\/2023\/04\/advancedweldin.jpg\" \/>\n\t<meta property=\"og:image:width\" content=\"1066\" \/>\n\t<meta property=\"og:image:height\" content=\"1420\" \/>\n<meta name=\"twitter:card\" content=\"summary_large_image\" \/>\n<meta name=\"twitter:label1\" content=\"Est. reading time\" \/>\n\t<meta name=\"twitter:data1\" content=\"3 minutes\" \/>\n<script type=\"application\/ld+json\" class=\"yoast-schema-graph\">{\"@context\":\"https:\/\/schema.org\",\"@graph\":[{\"@type\":\"WebSite\",\"@id\":\"https:\/\/ion-me.com.vn\/en_us\/#website\",\"url\":\"https:\/\/ion-me.com.vn\/en_us\/\",\"name\":\"M&amp;E - People you can trust...\",\"description\":\"Cung c\\u1ea5p tr\\u1ecdn g\\u00f3i c\\u00e1c c\\u00f4ng tr\\u00ecnh C\\u01a1 \\u0110i\\u1ec7n\",\"potentialAction\":[{\"@type\":\"SearchAction\",\"target\":{\"@type\":\"EntryPoint\",\"urlTemplate\":\"https:\/\/ion-me.com.vn\/en_us\/?s={search_term_string}\"},\"query-input\":\"required name=search_term_string\"}],\"inLanguage\":\"en-US\"},{\"@type\":\"ImageObject\",\"@id\":\"https:\/\/ion-me.com.vn\/en_us\/service\/renewal-and-substainable-energy\/#primaryimage\",\"inLanguage\":\"en-US\",\"url\":\"https:\/\/ion-me.com.vn\/wp-content\/uploads\/2023\/04\/advancedweldin.jpg\",\"contentUrl\":\"https:\/\/ion-me.com.vn\/wp-content\/uploads\/2023\/04\/advancedweldin.jpg\",\"width\":1066,\"height\":1420},{\"@type\":\"WebPage\",\"@id\":\"https:\/\/ion-me.com.vn\/en_us\/service\/renewal-and-substainable-energy\/#webpage\",\"url\":\"https:\/\/ion-me.com.vn\/en_us\/service\/renewal-and-substainable-energy\/\",\"name\":\"Renewable & Sustainable Energy - ION M&amp;E - People you can trust...\",\"isPartOf\":{\"@id\":\"https:\/\/ion-me.com.vn\/en_us\/#website\"},\"primaryImageOfPage\":{\"@id\":\"https:\/\/ion-me.com.vn\/en_us\/service\/renewal-and-substainable-energy\/#primaryimage\"},\"datePublished\":\"2023-03-15T02:51:29+00:00\",\"dateModified\":\"2026-03-19T10:12:36+00:00\",\"description\":\"I-ON has been the main contractor for rooftop solar power projects. Together with a team of experienced engineers, we clearly understand the factors that make the quality of the project and bring about a high return on investment.\",\"breadcrumb\":{\"@id\":\"https:\/\/ion-me.com.vn\/en_us\/service\/renewal-and-substainable-energy\/#breadcrumb\"},\"inLanguage\":\"en-US\",\"potentialAction\":[{\"@type\":\"ReadAction\",\"target\":[\"https:\/\/ion-me.com.vn\/en_us\/service\/renewal-and-substainable-energy\/\"]}]},{\"@type\":\"BreadcrumbList\",\"@id\":\"https:\/\/ion-me.com.vn\/en_us\/service\/renewal-and-substainable-energy\/#breadcrumb\",\"itemListElement\":[{\"@type\":\"ListItem\",\"position\":1,\"name\":\"Home\",\"item\":\"https:\/\/ion-me.com.vn\/en_us\/\"},{\"@type\":\"ListItem\",\"position\":2,\"name\":\"Service\",\"item\":\"https:\/\/ion-me.com.vn\/en_us\/service\/\"},{\"@type\":\"ListItem\",\"position\":3,\"name\":\"Renewable &#038; Sustainable Energy\"}]}]}<\/script>\n<!-- \/ Yoast SEO Premium plugin. -->","yoast_head_json":{"title":"Renewable & Sustainable Energy - ION M&amp;E - People you can trust...","description":"I-ON has been the main contractor for rooftop solar power projects. Together with a team of experienced engineers, we clearly understand the factors that make the quality of the project and bring about a high return on investment.","robots":{"index":"index","follow":"follow","max-snippet":"max-snippet:-1","max-image-preview":"max-image-preview:large","max-video-preview":"max-video-preview:-1"},"canonical":"https:\/\/ion-me.com.vn\/en_us\/service\/renewal-and-substainable-energy\/","og_locale":"en_US","og_type":"article","og_title":"Renewable & Sustainable Energy","og_description":"I-ON has been the main contractor for rooftop solar power projects. Together with a team of experienced engineers, we clearly understand the factors that make the quality of the project and bring about a high return on investment.","og_url":"https:\/\/ion-me.com.vn\/en_us\/service\/renewal-and-substainable-energy\/","og_site_name":"M&amp;E - People you can trust...","article_modified_time":"2026-03-19T10:12:36+00:00","og_image":[{"width":1066,"height":1420,"url":"https:\/\/ion-me.com.vn\/wp-content\/uploads\/2023\/04\/advancedweldin.jpg","path":"\/home\/ionme\/domains\/ion-me.com.vn\/public_html\/wp-content\/uploads\/2023\/04\/advancedweldin.jpg","size":"full","id":4047,"alt":"","pixels":1513720,"type":"image\/jpeg"}],"twitter_card":"summary_large_image","twitter_misc":{"Est. reading time":"3 minutes"},"schema":{"@context":"https:\/\/schema.org","@graph":[{"@type":"WebSite","@id":"https:\/\/ion-me.com.vn\/en_us\/#website","url":"https:\/\/ion-me.com.vn\/en_us\/","name":"M&amp;E - People you can trust...","description":"Cung c\u1ea5p tr\u1ecdn g\u00f3i c\u00e1c c\u00f4ng tr\u00ecnh C\u01a1 \u0110i\u1ec7n","potentialAction":[{"@type":"SearchAction","target":{"@type":"EntryPoint","urlTemplate":"https:\/\/ion-me.com.vn\/en_us\/?s={search_term_string}"},"query-input":"required name=search_term_string"}],"inLanguage":"en-US"},{"@type":"ImageObject","@id":"https:\/\/ion-me.com.vn\/en_us\/service\/renewal-and-substainable-energy\/#primaryimage","inLanguage":"en-US","url":"https:\/\/ion-me.com.vn\/wp-content\/uploads\/2023\/04\/advancedweldin.jpg","contentUrl":"https:\/\/ion-me.com.vn\/wp-content\/uploads\/2023\/04\/advancedweldin.jpg","width":1066,"height":1420},{"@type":"WebPage","@id":"https:\/\/ion-me.com.vn\/en_us\/service\/renewal-and-substainable-energy\/#webpage","url":"https:\/\/ion-me.com.vn\/en_us\/service\/renewal-and-substainable-energy\/","name":"Renewable & Sustainable Energy - ION M&amp;E - People you can trust...","isPartOf":{"@id":"https:\/\/ion-me.com.vn\/en_us\/#website"},"primaryImageOfPage":{"@id":"https:\/\/ion-me.com.vn\/en_us\/service\/renewal-and-substainable-energy\/#primaryimage"},"datePublished":"2023-03-15T02:51:29+00:00","dateModified":"2026-03-19T10:12:36+00:00","description":"I-ON has been the main contractor for rooftop solar power projects. Together with a team of experienced engineers, we clearly understand the factors that make the quality of the project and bring about a high return on investment.","breadcrumb":{"@id":"https:\/\/ion-me.com.vn\/en_us\/service\/renewal-and-substainable-energy\/#breadcrumb"},"inLanguage":"en-US","potentialAction":[{"@type":"ReadAction","target":["https:\/\/ion-me.com.vn\/en_us\/service\/renewal-and-substainable-energy\/"]}]},{"@type":"BreadcrumbList","@id":"https:\/\/ion-me.com.vn\/en_us\/service\/renewal-and-substainable-energy\/#breadcrumb","itemListElement":[{"@type":"ListItem","position":1,"name":"Home","item":"https:\/\/ion-me.com.vn\/en_us\/"},{"@type":"ListItem","position":2,"name":"Service","item":"https:\/\/ion-me.com.vn\/en_us\/service\/"},{"@type":"ListItem","position":3,"name":"Renewable &#038; Sustainable Energy"}]}]}},"_links":{"self":[{"href":"https:\/\/ion-me.com.vn\/en_us\/wp-json\/wp\/v2\/pages\/3287"}],"collection":[{"href":"https:\/\/ion-me.com.vn\/en_us\/wp-json\/wp\/v2\/pages"}],"about":[{"href":"https:\/\/ion-me.com.vn\/en_us\/wp-json\/wp\/v2\/types\/page"}],"author":[{"embeddable":true,"href":"https:\/\/ion-me.com.vn\/en_us\/wp-json\/wp\/v2\/users\/1"}],"replies":[{"embeddable":true,"href":"https:\/\/ion-me.com.vn\/en_us\/wp-json\/wp\/v2\/comments?post=3287"}],"version-history":[{"count":12,"href":"https:\/\/ion-me.com.vn\/en_us\/wp-json\/wp\/v2\/pages\/3287\/revisions"}],"predecessor-version":[{"id":5889,"href":"https:\/\/ion-me.com.vn\/en_us\/wp-json\/wp\/v2\/pages\/3287\/revisions\/5889"}],"up":[{"embeddable":true,"href":"https:\/\/ion-me.com.vn\/en_us\/wp-json\/wp\/v2\/pages\/3172"}],"wp:featuredmedia":[{"embeddable":true,"href":"https:\/\/ion-me.com.vn\/en_us\/wp-json\/wp\/v2\/media\/4047"}],"wp:attachment":[{"href":"https:\/\/ion-me.com.vn\/en_us\/wp-json\/wp\/v2\/media?parent=3287"}],"curies":[{"name":"wp","href":"https:\/\/api.w.org\/{rel}","templated":true}]}}