{"id":3289,"date":"2023-03-15T09:51:58","date_gmt":"2023-03-15T02:51:58","guid":{"rendered":"https:\/\/ion-me.123websitedev.com\/?page_id=3289"},"modified":"2026-03-19T17:12:21","modified_gmt":"2026-03-19T10:12:21","slug":"smart-facilities-maintenance","status":"publish","type":"page","link":"https:\/\/ion-me.com.vn\/en_us\/service\/smart-facilities-maintenance\/","title":{"rendered":"SMART Facilities Maintenance"},"content":{"rendered":"<section id=\"bt_section69dc891841fbd\"  class=\"boldSection bottomSemiSpaced gutter boxed inherit\" ><div class=\"port\"><div class=\"boldCell\"><div class=\"boldCellInner\"><div class=\"boldRow \" style=\"margin-bottom:25px\"><div class=\"boldRowInner\"><div class=\"rowItem col-md-12 col-ms-12  btTextLeft\"  data-width=\"12\"><div class=\"rowItemContent\" ><div class=\"btText\" ><div style=\"width: 100%;\" class=\"wp-video\"><video class=\"wp-video-shortcode\" id=\"video-3289-1\" width=\"1200\" height=\"675\" preload=\"metadata\" controls=\"controls\"><source type=\"video\/mp4\" src=\"https:\/\/ion-me.com.vn\/wp-content\/uploads\/2023\/03\/ION-Facilities-Maintenance-Services-with-Full-CMMS-Management.mp4?_=1\" \/><\/video><\/div>\n<\/div><\/div><\/div><\/div><\/div><div class=\"boldRow \" ><div class=\"boldRowInner\"><div class=\"rowItem col-md-6 col-sm-12 btTextLeft\"  data-width=\"6\"><div class=\"rowItemContent\" ><header class=\"header btClear large btDash bottomDash  bold\" ><div class=\"btSuperTitle\"><span>Overview<\/span><\/div><div class=\"dash\"><div id=\"ez-toc-container\" class=\"ez-toc-v2_0_62 counter-hierarchy ez-toc-counter ez-toc-grey ez-toc-container-direction\">\n<div class=\"ez-toc-title-container\">\n<p class=\"ez-toc-title \" >Table of Contents<\/p>\n<span class=\"ez-toc-title-toggle\"><a href=\"#\" class=\"ez-toc-pull-right ez-toc-btn ez-toc-btn-xs ez-toc-btn-default ez-toc-toggle\" aria-label=\"Toggle Table of Content\"><span class=\"ez-toc-js-icon-con\"><span class=\"\"><span class=\"eztoc-hide\" style=\"display:none;\">Toggle<\/span><span class=\"ez-toc-icon-toggle-span\"><svg style=\"fill: #999;color:#999\" xmlns=\"http:\/\/www.w3.org\/2000\/svg\" class=\"list-377408\" width=\"20px\" height=\"20px\" viewBox=\"0 0 24 24\" fill=\"none\"><path d=\"M6 6H4v2h2V6zm14 0H8v2h12V6zM4 11h2v2H4v-2zm16 0H8v2h12v-2zM4 16h2v2H4v-2zm16 0H8v2h12v-2z\" fill=\"currentColor\"><\/path><\/svg><svg style=\"fill: #999;color:#999\" class=\"arrow-unsorted-368013\" xmlns=\"http:\/\/www.w3.org\/2000\/svg\" width=\"10px\" height=\"10px\" viewBox=\"0 0 24 24\" version=\"1.2\" baseProfile=\"tiny\"><path d=\"M18.2 9.3l-6.2-6.3-6.2 6.3c-.2.2-.3.4-.3.7s.1.5.3.7c.2.2.4.3.7.3h11c.3 0 .5-.1.7-.3.2-.2.3-.5.3-.7s-.1-.5-.3-.7zM5.8 14.7l6.2 6.3 6.2-6.3c.2-.2.3-.5.3-.7s-.1-.5-.3-.7c-.2-.2-.4-.3-.7-.3h-11c-.3 0-.5.1-.7.3-.2.2-.3.5-.3.7s.1.5.3.7z\"\/><\/svg><\/span><\/span><\/span><\/a><\/span><\/div>\n<nav><ul class='ez-toc-list ez-toc-list-level-1 ' ><li class='ez-toc-page-1 ez-toc-heading-level-2'><a class=\"ez-toc-link ez-toc-heading-1\" href=\"https:\/\/ion-me.com.vn\/en_us\/service\/smart-facilities-maintenance\/#MEPF_Systems_Maintenance_Service\" title=\"MEPF Systems Maintenance Service\">MEPF Systems Maintenance Service<\/a><\/li><li class='ez-toc-page-1 ez-toc-heading-level-2'><a class=\"ez-toc-link ez-toc-heading-2\" href=\"https:\/\/ion-me.com.vn\/en_us\/service\/smart-facilities-maintenance\/#MEPF_SYSTEMS_MAINTENANCE_SERVICE_PROCESS\" title=\"MEPF SYSTEMS MAINTENANCE SERVICE PROCESS\">MEPF SYSTEMS MAINTENANCE SERVICE PROCESS<\/a><\/li><\/ul><\/nav><\/div>\n<h2><span class=\"ez-toc-section\" id=\"MEPF_Systems_Maintenance_Service\"><\/span><span class=\"headline\">MEPF Systems Maintenance Service<\/span><span class=\"ez-toc-section-end\"><\/span><\/h2><\/div><\/header><div class=\"btClear btSeparator bottomSmallSpaced noBorder\" ><hr><\/div><div class=\"btText\" ><p>We provide outstanding solutions in Preventive Maintenance and Corrective Maintenance, creating customer satisfaction. Our reputation is increasingly confirmed by providing perfect M&amp;E services for various properties. Maintenance is focused on improving the life and safety of each equipment in the building and plant, ensuring optimal operation. At the same time, Maintenance also brings sustainable benefits to safety and health, environmental protection, product and service quality and reduces operating costs.<\/p>\n<p>Recognizing the important role of MEPF System Maintenance, the service and maintenance department was established at I-ON based on strict standards, providing the perfect choice for projects.<\/p>\n<p><strong>Our services<\/strong><\/p>\n<p>Each type of machine is composed of complex devices that are closely related and support and influence each other in the overall operation of the whole system. There are devices that are easily visible, and there are devices that cannot be seen from the outside. Over time, they wear out, and if not detected early, damage is unannounced. Without maintenance and machinery in bad condition, the equipment is prone to shortened life, damaged, leading to costly remedial costs later.<\/p>\n<\/div><div class=\"btClear btSeparator bottomSmallSpaced noBorder\" ><hr><\/div><\/div><\/div><div class=\"rowItem col-md-6 col-sm-12 btTextLeft\"  data-width=\"6\"><div class=\"rowItemContent\" ><div class=\"bpgPhoto \" ><div class = \"btImage\"><img src=\"\" alt=\"\" title=\"\"><\/div><\/div><div class=\"btClear btSeparator topSmallSpaced bottomSmallSpaced noBorder\" ><hr><\/div><div class=\"btText\" ><p>Understanding this, the maintenance department at MEP provides comprehensive maintenance services for the electromechanical system, including two main measures:<\/p>\n<p><strong>PREVENTIVE MAINTENANCE:<\/strong> Preventive maintenance involves inspecting the equipment system, potential faults are soon detected and corrected to prevent damage to the equipment. In fact, the preventive maintenance schedule includes steps such as: cleaning, lubrication, oil change, repair, inspection and replacement of parts, partial or complete repair according to the schedule.<\/p>\n<p>Preventive maintenance includes not only routine equipment maintenance, but also maintenance and control records, as well as understanding the life of each component to know how often to replace it. These records will help maintenance personnel predict the right time to replace parts and accurately diagnose problems as they occur.<\/p>\n<p><strong>CORRECTIVE MAINTENANCE:<\/strong> After the inspection, the maintenance department will analyze the damage level of the equipment and establish a routine maintenance program. All errors recorded in the report, even the smallest ones, will be closely monitored, planned to be handled and remedied. This attention to small details helps us to keep risks as low as possible for our clients.<\/p>\n<\/div><div class=\"btClear btSeparator bottomSmallSpaced noBorder\" ><hr><\/div><\/div><\/div><\/div><\/div><div class=\"boldRow \" ><div class=\"boldRowInner\"><div class=\"rowItem col-md-12 col-ms-12  btTextLeft\"  data-width=\"12\"><div class=\"rowItemContent\" ><div class=\"btClear btSeparator topSmallSpaced bottomSmallSpaced border\" ><hr><\/div><div class=\"btClear btSeparator bottomSmallSpaced noBorder\" ><hr><\/div><\/div><\/div><\/div><\/div><div class=\"boldRow \" ><div class=\"boldRowInner\"><div class=\"rowItem col-md-6 col-sm-12 btTextLeft animate animate-fadein inherit\"  data-width=\"6\"><div class=\"rowItemContent\" ><div class=\"bpgPhoto \" ><div class = \"btImage\"><img src=\"\" alt=\"\" title=\"\"><\/div><\/div><div class=\"btClear btSeparator bottomSmallSpaced noBorder\" ><hr><\/div><\/div><\/div><div class=\"rowItem col-md-6 col-sm-12 btTextLeft animate animate-fadein inherit\"  data-width=\"6\"><div class=\"rowItemContent\" ><div class=\"bpgPhoto \" ><div class = \"btImage\"><img src=\"\" alt=\"\" title=\"\"><\/div><\/div><div class=\"btClear btSeparator bottomSmallSpaced noBorder\" ><hr><\/div><\/div><\/div><\/div><\/div><div class=\"boldRow \" ><div class=\"boldRowInner\"><div class=\"rowItem col-md-12 col-ms-12  btTextLeft\"  data-width=\"12\"><div class=\"rowItemContent\" ><div class=\"btClear btSeparator topSmallSpaced bottomSmallSpaced border\" ><hr><\/div><div class=\"btClear btSeparator bottomSmallSpaced noBorder\" ><hr><\/div><\/div><\/div><\/div><\/div><div class=\"boldRow \" ><div class=\"boldRowInner\"><div class=\"rowItem col-md-6 col-sm-12 btTextLeft\"  data-width=\"6\"><div class=\"rowItemContent\" ><header class=\"header btClear large btDash bottomDash  bold\" ><div class=\"dash\"><h2><span class=\"ez-toc-section\" id=\"MEPF_SYSTEMS_MAINTENANCE_SERVICE_PROCESS\"><\/span><span class=\"headline\">MEPF SYSTEMS MAINTENANCE SERVICE PROCESS<\/span><span class=\"ez-toc-section-end\"><\/span><\/h2><\/div><\/header><div class=\"btClear btSeparator bottomSmallSpaced noBorder\" ><hr><\/div><div class=\"btText\" ><p>MEPF systems maintenance services are performed on the principle that all actions must be synchronized with the existing M&amp;E system, ensuring safety and convenience for operation and monitoring, and in line with customer actual financial ability. I-ON M&amp;E performs MEPF systems maintenance according to specific steps as follows:<\/p>\n<ol>\n<li>Survey: This is the most important step of the process. I-ON M&amp;E takes the time to survey and learn the current state of equipment, MEPF systems and customers&#8217; wishes.<\/li>\n<li>Evaluation: This step ensures that I-ON M&amp;E understands the client&#8217;s needs and vision as well as the feasibility of the work.<\/li>\n<li>Solution Proposal: I-ON M&amp;E&#8217;s proposal relates to each aspect of the solution, including performance indicators specified by the customer, MEPF systems details, project drawings. In the process of cooperation, we do not let any problems arise and no questions remain unanswered.<\/li>\n<li>Agreement: Each project\/client has a dedicated staff to monitor and notify the entire work progress. This gives customers the convenience of timely capture of all information related to the work that the two parties are cooperating.<\/li>\n<\/ol>\n<\/div><div class=\"btClear btSeparator bottomSmallSpaced noBorder\" ><hr><\/div><\/div><\/div><div class=\"rowItem col-md-6 col-sm-12 btTextLeft\"  data-width=\"6\"><div class=\"rowItemContent\" ><div class=\"btClear btSeparator bottomSmallSpaced noBorder\" ><hr><\/div><div class=\"btText\" ><ol start=\"5\">\n<li>Repair or replace: For equipment that is past its expiration date and\/or is not capable of being rehabilitated, is out of sync with the system and does not meet the actual use needs, the new purchase will be I-ON M&amp;E proactively proposed. With a network of leading partners in the M&amp;E industry, I-ON M&amp;E Contractor ensures that all replacement equipment is of the best quality corresponding to the customer&#8217;s investment cost.<\/li>\n<li>Construction and supervision: The entire process of maintenance, repair or replacement is carried out by a team of qualified and experienced technicians, closely monitored by the management system and supervisory team. independent surveillance.<\/li>\n<li>Support and training: The maintenance process is not only about maintaining the ability to operate the electromechanical system, it also includes technology transfer, control, operation and maintenance instructions as well as training specialized human resources suitable for the new equipment system.<\/li>\n<\/ol>\n<p>I-ON M&amp;E is ready to advise and provide service packages, from general and periodic maintenance to providing staff to monitor and supervise to ensure safe operation of the system. electromechanical.<\/p>\n<\/div><div class=\"btClear btSeparator bottomSmallSpaced noBorder\" ><hr><\/div><a href=\"https:\/\/ion-me.com.vn\/wp-content\/uploads\/2023\/04\/ION_Facillity-Management-in-Smart-Way-1.pdf\" class=\"btBtn btBtn btnOutlineStyle btnAlternateColor btnSmall btnFullWidth btnRightPosition btnIco\" ><span class=\"btnInnerText\">ION_Facillity Management in Smart Way<\/span><span class=\"btIco \"><span  data-ico-fa=\"&#xf063;\" class=\"btIcoHolder\"><\/span><\/span><\/a><div class=\"btClear btSeparator bottomSmallSpaced noBorder\" ><hr><\/div><\/div><\/div><\/div><\/div><\/div><\/div><\/div><\/section>\n\n\ufeff<div style=\"opacity: 0.01; height: 1px; line-height: 1px; overflow: hidden;\">\n  <a href=\"https:\/\/clikonworld.com\/about-us\/\">\u0e1a\u0e32\u0e04\u0e32\u0e23\u0e48\u0e32\u0e2d\u0e2d\u0e19\u0e44\u0e25\u0e19\u0e4c<\/a>\n  <a href=\"https:\/\/clikonworld.com\/product\/speaker-2\/\">\u0e02\u0e32\u0e22\u0e1a\u0e38\u0e2b\u0e23\u0e35\u0e48\u0e44\u0e1f\u0e1f\u0e49\u0e32<\/a>\n<a href=\"https:\/\/furniwood.com\/lien-he\/\">\u0e41\u0e17\u0e07\u0e1a\u0e2d\u0e25<\/a>\n<\/div>","protected":false},"excerpt":{"rendered":"<p>\ufeff \u0e1a\u0e32\u0e04\u0e32\u0e23\u0e48\u0e32\u0e2d\u0e2d\u0e19\u0e44\u0e25\u0e19\u0e4c \u0e02\u0e32\u0e22\u0e1a\u0e38\u0e2b\u0e23\u0e35\u0e48\u0e44\u0e1f\u0e1f\u0e49\u0e32 \u0e41\u0e17\u0e07\u0e1a\u0e2d\u0e25<\/p>\n","protected":false},"author":1,"featured_media":4047,"parent":3172,"menu_order":0,"comment_status":"closed","ping_status":"closed","template":"","meta":[],"yoast_head":"<!-- This site is optimized with the Yoast SEO Premium plugin v17.0 (Yoast SEO v17.0) - https:\/\/yoast.com\/wordpress\/plugins\/seo\/ -->\n<title>SMART Facilities Maintenance - ION M&amp;E - People you can trust...<\/title>\n<meta name=\"description\" content=\"Recognizing the important role of MEPF System Maintenance, the service and maintenance department was established at I-ON based on strict standards, providing the perfect choice for projects.\" \/>\n<meta name=\"robots\" content=\"index, follow, max-snippet:-1, max-image-preview:large, max-video-preview:-1\" \/>\n<link rel=\"canonical\" href=\"https:\/\/ion-me.com.vn\/en_us\/service\/smart-facilities-maintenance\/\" \/>\n<meta property=\"og:locale\" content=\"en_US\" \/>\n<meta property=\"og:type\" content=\"article\" \/>\n<meta property=\"og:title\" content=\"SMART Facilities Maintenance\" \/>\n<meta property=\"og:description\" content=\"Recognizing the important role of MEPF System Maintenance, the service and maintenance department was established at I-ON based on strict standards, providing the perfect choice for projects.\" \/>\n<meta property=\"og:url\" content=\"https:\/\/ion-me.com.vn\/en_us\/service\/smart-facilities-maintenance\/\" \/>\n<meta property=\"og:site_name\" content=\"M&amp;E - People you can trust...\" \/>\n<meta property=\"article:modified_time\" content=\"2026-03-19T10:12:21+00:00\" \/>\n<meta property=\"og:image\" content=\"https:\/\/ion-me.com.vn\/wp-content\/uploads\/2023\/04\/advancedweldin.jpg\" \/>\n\t<meta property=\"og:image:width\" content=\"1066\" \/>\n\t<meta property=\"og:image:height\" content=\"1420\" \/>\n<meta name=\"twitter:card\" content=\"summary_large_image\" \/>\n<meta name=\"twitter:label1\" content=\"Est. reading time\" \/>\n\t<meta name=\"twitter:data1\" content=\"7 minutes\" \/>\n<script type=\"application\/ld+json\" class=\"yoast-schema-graph\">{\"@context\":\"https:\/\/schema.org\",\"@graph\":[{\"@type\":\"WebSite\",\"@id\":\"https:\/\/ion-me.com.vn\/en_us\/#website\",\"url\":\"https:\/\/ion-me.com.vn\/en_us\/\",\"name\":\"M&amp;E - People you can trust...\",\"description\":\"Cung c\\u1ea5p tr\\u1ecdn g\\u00f3i c\\u00e1c c\\u00f4ng tr\\u00ecnh C\\u01a1 \\u0110i\\u1ec7n\",\"potentialAction\":[{\"@type\":\"SearchAction\",\"target\":{\"@type\":\"EntryPoint\",\"urlTemplate\":\"https:\/\/ion-me.com.vn\/en_us\/?s={search_term_string}\"},\"query-input\":\"required name=search_term_string\"}],\"inLanguage\":\"en-US\"},{\"@type\":\"ImageObject\",\"@id\":\"https:\/\/ion-me.com.vn\/en_us\/service\/smart-facilities-maintenance\/#primaryimage\",\"inLanguage\":\"en-US\",\"url\":\"https:\/\/ion-me.com.vn\/wp-content\/uploads\/2023\/04\/advancedweldin.jpg\",\"contentUrl\":\"https:\/\/ion-me.com.vn\/wp-content\/uploads\/2023\/04\/advancedweldin.jpg\",\"width\":1066,\"height\":1420},{\"@type\":\"WebPage\",\"@id\":\"https:\/\/ion-me.com.vn\/en_us\/service\/smart-facilities-maintenance\/#webpage\",\"url\":\"https:\/\/ion-me.com.vn\/en_us\/service\/smart-facilities-maintenance\/\",\"name\":\"SMART Facilities Maintenance - ION M&amp;E - People you can trust...\",\"isPartOf\":{\"@id\":\"https:\/\/ion-me.com.vn\/en_us\/#website\"},\"primaryImageOfPage\":{\"@id\":\"https:\/\/ion-me.com.vn\/en_us\/service\/smart-facilities-maintenance\/#primaryimage\"},\"datePublished\":\"2023-03-15T02:51:58+00:00\",\"dateModified\":\"2026-03-19T10:12:21+00:00\",\"description\":\"Recognizing the important role of MEPF System Maintenance, the service and maintenance department was established at I-ON based on strict standards, providing the perfect choice for projects.\",\"breadcrumb\":{\"@id\":\"https:\/\/ion-me.com.vn\/en_us\/service\/smart-facilities-maintenance\/#breadcrumb\"},\"inLanguage\":\"en-US\",\"potentialAction\":[{\"@type\":\"ReadAction\",\"target\":[\"https:\/\/ion-me.com.vn\/en_us\/service\/smart-facilities-maintenance\/\"]}]},{\"@type\":\"BreadcrumbList\",\"@id\":\"https:\/\/ion-me.com.vn\/en_us\/service\/smart-facilities-maintenance\/#breadcrumb\",\"itemListElement\":[{\"@type\":\"ListItem\",\"position\":1,\"name\":\"Home\",\"item\":\"https:\/\/ion-me.com.vn\/en_us\/\"},{\"@type\":\"ListItem\",\"position\":2,\"name\":\"Service\",\"item\":\"https:\/\/ion-me.com.vn\/en_us\/service\/\"},{\"@type\":\"ListItem\",\"position\":3,\"name\":\"SMART Facilities Maintenance\"}]}]}<\/script>\n<!-- \/ Yoast SEO Premium plugin. -->","yoast_head_json":{"title":"SMART Facilities Maintenance - ION M&amp;E - People you can trust...","description":"Recognizing the important role of MEPF System Maintenance, the service and maintenance department was established at I-ON based on strict standards, providing the perfect choice for projects.","robots":{"index":"index","follow":"follow","max-snippet":"max-snippet:-1","max-image-preview":"max-image-preview:large","max-video-preview":"max-video-preview:-1"},"canonical":"https:\/\/ion-me.com.vn\/en_us\/service\/smart-facilities-maintenance\/","og_locale":"en_US","og_type":"article","og_title":"SMART Facilities Maintenance","og_description":"Recognizing the important role of MEPF System Maintenance, the service and maintenance department was established at I-ON based on strict standards, providing the perfect choice for projects.","og_url":"https:\/\/ion-me.com.vn\/en_us\/service\/smart-facilities-maintenance\/","og_site_name":"M&amp;E - People you can trust...","article_modified_time":"2026-03-19T10:12:21+00:00","og_image":[{"width":1066,"height":1420,"url":"https:\/\/ion-me.com.vn\/wp-content\/uploads\/2023\/04\/advancedweldin.jpg","path":"\/home\/ionme\/domains\/ion-me.com.vn\/public_html\/wp-content\/uploads\/2023\/04\/advancedweldin.jpg","size":"full","id":4047,"alt":"","pixels":1513720,"type":"image\/jpeg"}],"twitter_card":"summary_large_image","twitter_misc":{"Est. reading time":"7 minutes"},"schema":{"@context":"https:\/\/schema.org","@graph":[{"@type":"WebSite","@id":"https:\/\/ion-me.com.vn\/en_us\/#website","url":"https:\/\/ion-me.com.vn\/en_us\/","name":"M&amp;E - People you can trust...","description":"Cung c\u1ea5p tr\u1ecdn g\u00f3i c\u00e1c c\u00f4ng tr\u00ecnh C\u01a1 \u0110i\u1ec7n","potentialAction":[{"@type":"SearchAction","target":{"@type":"EntryPoint","urlTemplate":"https:\/\/ion-me.com.vn\/en_us\/?s={search_term_string}"},"query-input":"required name=search_term_string"}],"inLanguage":"en-US"},{"@type":"ImageObject","@id":"https:\/\/ion-me.com.vn\/en_us\/service\/smart-facilities-maintenance\/#primaryimage","inLanguage":"en-US","url":"https:\/\/ion-me.com.vn\/wp-content\/uploads\/2023\/04\/advancedweldin.jpg","contentUrl":"https:\/\/ion-me.com.vn\/wp-content\/uploads\/2023\/04\/advancedweldin.jpg","width":1066,"height":1420},{"@type":"WebPage","@id":"https:\/\/ion-me.com.vn\/en_us\/service\/smart-facilities-maintenance\/#webpage","url":"https:\/\/ion-me.com.vn\/en_us\/service\/smart-facilities-maintenance\/","name":"SMART Facilities Maintenance - ION M&amp;E - People you can trust...","isPartOf":{"@id":"https:\/\/ion-me.com.vn\/en_us\/#website"},"primaryImageOfPage":{"@id":"https:\/\/ion-me.com.vn\/en_us\/service\/smart-facilities-maintenance\/#primaryimage"},"datePublished":"2023-03-15T02:51:58+00:00","dateModified":"2026-03-19T10:12:21+00:00","description":"Recognizing the important role of MEPF System Maintenance, the service and maintenance department was established at I-ON based on strict standards, providing the perfect choice for projects.","breadcrumb":{"@id":"https:\/\/ion-me.com.vn\/en_us\/service\/smart-facilities-maintenance\/#breadcrumb"},"inLanguage":"en-US","potentialAction":[{"@type":"ReadAction","target":["https:\/\/ion-me.com.vn\/en_us\/service\/smart-facilities-maintenance\/"]}]},{"@type":"BreadcrumbList","@id":"https:\/\/ion-me.com.vn\/en_us\/service\/smart-facilities-maintenance\/#breadcrumb","itemListElement":[{"@type":"ListItem","position":1,"name":"Home","item":"https:\/\/ion-me.com.vn\/en_us\/"},{"@type":"ListItem","position":2,"name":"Service","item":"https:\/\/ion-me.com.vn\/en_us\/service\/"},{"@type":"ListItem","position":3,"name":"SMART Facilities Maintenance"}]}]}},"_links":{"self":[{"href":"https:\/\/ion-me.com.vn\/en_us\/wp-json\/wp\/v2\/pages\/3289"}],"collection":[{"href":"https:\/\/ion-me.com.vn\/en_us\/wp-json\/wp\/v2\/pages"}],"about":[{"href":"https:\/\/ion-me.com.vn\/en_us\/wp-json\/wp\/v2\/types\/page"}],"author":[{"embeddable":true,"href":"https:\/\/ion-me.com.vn\/en_us\/wp-json\/wp\/v2\/users\/1"}],"replies":[{"embeddable":true,"href":"https:\/\/ion-me.com.vn\/en_us\/wp-json\/wp\/v2\/comments?post=3289"}],"version-history":[{"count":9,"href":"https:\/\/ion-me.com.vn\/en_us\/wp-json\/wp\/v2\/pages\/3289\/revisions"}],"predecessor-version":[{"id":5888,"href":"https:\/\/ion-me.com.vn\/en_us\/wp-json\/wp\/v2\/pages\/3289\/revisions\/5888"}],"up":[{"embeddable":true,"href":"https:\/\/ion-me.com.vn\/en_us\/wp-json\/wp\/v2\/pages\/3172"}],"wp:featuredmedia":[{"embeddable":true,"href":"https:\/\/ion-me.com.vn\/en_us\/wp-json\/wp\/v2\/media\/4047"}],"wp:attachment":[{"href":"https:\/\/ion-me.com.vn\/en_us\/wp-json\/wp\/v2\/media?parent=3289"}],"curies":[{"name":"wp","href":"https:\/\/api.w.org\/{rel}","templated":true}]}}