{"id":3170,"date":"2023-03-06T16:03:36","date_gmt":"2023-03-06T09:03:36","guid":{"rendered":"https:\/\/ion-me.123websitedev.com\/?page_id=3170"},"modified":"2026-03-19T17:14:23","modified_gmt":"2026-03-19T10:14:23","slug":"projetcts","status":"publish","type":"page","link":"https:\/\/ion-me.com.vn\/vi\/projetcts\/","title":{"rendered":"D\u1ef1 \u00e1n"},"content":{"rendered":"<section id=\"bt_section69d7c99200ab3\"  class=\"boldSection topSmallSpaced bottomSpaced gutter boxed inherit\" ><div class=\"port\"><div class=\"boldCell\"><div class=\"boldCellInner\"><div class=\"boldRow\" ><div class=\"boldRowInner\"><div class=\"rowItem col-md-12 col-ms-12  btTextCenter inherit\"  data-width=\"12\"><div class=\"rowItemContent\" ><div class=\"btClear btSeparator topSmallSpaced noBorder\" ><hr><\/div><div class=\"btGridContainer classic btGridGap-20\" style=\"display:none\"><div class=\"btCatFilter\"><span class=\"btCatFilterTitle\"><b>Category filter:<\/b><\/span><span class=\"btCatFilterItem all\" data-slug=\"completed-project,on-going-project\"><b>All<\/b><\/span><span class=\"btCatFilterItem\" data-slug=\"completed-project\"><b>\u0110\u00e3 ho\u00e0n th\u00e0nh<\/b><\/span><span class=\"btCatFilterItem\" data-slug=\"on-going-project\"><b>\u0110ang ti\u1ebfn h\u00e0nh<\/b><\/span><\/div><div class=\"tilesWall btAjaxGrid classic\" data-num=\"6\" data-tiles-title=\"no\" data-grid-type=\"classic\" data-post-type=\"portfolio\" data-col=\"3\" data-cat-slug=\"\" data-scroll-loading=\"no\" data-format=\"\" data-related=\"\" data-sticky=\"no\"><div class=\"gridSizer\"><\/div><\/div><div class=\"btLoader btLoaderGrid\"><\/div><div class=\"btNoMore btTextCenter topSmallSpaced bottomSmallSpaced\">No more posts<\/div><\/div><div class=\"btText\" >            <div class=\"project-c\">\n                            <div class=\"projects-item-wrap\">\n                    <div class=\"pj-MediaBox\">\n                        <div class=\"pjItem\">\n                            <a href=\"https:\/\/ion-me.com.vn\/vi\/portfolio\/baccarat-chandeliers\/\">\n                                <img src=\"https:\/\/ion-me.com.vn\/wp-content\/uploads\/2023\/04\/download.jpeg\" alt=\"Baccarat Chandeliers\">\n                            <\/a>\n                        <\/div>\n                    <\/div>\n                    <div class=\"pjGridContent\">\n                        <header class=\"pjheader\">\n                            <div class=\"pjSuperTitle\">\n                                <span class=\"pjArticleCategories\">\n                                                                                                                        <a href=\"\/vi\/du-an\/on-going-project\/\">\n                                                   \u0110ang ti\u1ebfn h\u00e0nh                                            <\/a>\n                                                                                                                    <\/span>\n\n                            <\/div>\n                            <h4 class=\"pjheadline\">\n                                <a href=\"https:\/\/ion-me.com.vn\/vi\/portfolio\/baccarat-chandeliers\/\">\u0110\u00e8n Ch\u00f9m Pha L\u00ea Baccarat<\/a>\n                            <\/h4>\n                        <\/header>\n                        <p>\n                            Baccarat Chandeliers \nKh\u00e1ch h\u00e0ng: S&amp;S TIMER \nNh\u00e0 th\u1ea7u: ION M&amp;E JSC \nPh\u1ea1m vi c\u00f4ng vi\u1ec7c: L\u1eafp \u0111\u1eb7t \u0111\u00e8n ch\u00f9m                        <\/p>\n\n                    <\/div>\n\n\n                <\/div>\n\n                                <div class=\"projects-item-wrap\">\n                    <div class=\"pj-MediaBox\">\n                        <div class=\"pjItem\">\n                            <a href=\"https:\/\/ion-me.com.vn\/vi\/portfolio\/saigon-centre-mall\/\">\n                                <img src=\"https:\/\/ion-me.com.vn\/wp-content\/uploads\/2023\/04\/1686273805f642c9bb7a0f.jpg\" alt=\"Saigon Centre Mall\">\n                            <\/a>\n                        <\/div>\n                    <\/div>\n                    <div class=\"pjGridContent\">\n                        <header class=\"pjheader\">\n                            <div class=\"pjSuperTitle\">\n                                <span class=\"pjArticleCategories\">\n                                                                                                                        <a href=\"\/vi\/du-an\/on-going-project\/\">\n                                                   \u0110ang ti\u1ebfn h\u00e0nh                                            <\/a>\n                                                                                                                    <\/span>\n\n                            <\/div>\n                            <h4 class=\"pjheadline\">\n                                <a href=\"https:\/\/ion-me.com.vn\/vi\/portfolio\/saigon-centre-mall\/\">Saigon Centre Mall<\/a>\n                            <\/h4>\n                        <\/header>\n                        <p>\n                            Saigon Centre Mall, Qu\u1eadn 1, TP.HCM \nCh\u1ee7 \u0111\u1ea7u t\u01b0: KLW-II \nNh\u00e0 th\u1ea7u: ION M&amp;E JSC \nPh\u1ea1m vi c\u00f4ng vi\u1ec7c: B\u1ea3o tr\u00ec h\u1ec7 th\u1ed1ng ACMV                        <\/p>\n\n                    <\/div>\n\n\n                <\/div>\n\n                                <div class=\"projects-item-wrap\">\n                    <div class=\"pj-MediaBox\">\n                        <div class=\"pjItem\">\n                            <a href=\"https:\/\/ion-me.com.vn\/vi\/portfolio\/chanel-boutiques\/\">\n                                <img src=\"https:\/\/ion-me.com.vn\/wp-content\/uploads\/2023\/04\/ccc-chanel-1.jpg\" alt=\"CHANEL Boutiques\">\n                            <\/a>\n                        <\/div>\n                    <\/div>\n                    <div class=\"pjGridContent\">\n                        <header class=\"pjheader\">\n                            <div class=\"pjSuperTitle\">\n                                <span class=\"pjArticleCategories\">\n                                                                                                                        <a href=\"\/vi\/du-an\/on-going-project\/\">\n                                                   \u0110ang ti\u1ebfn h\u00e0nh                                            <\/a>\n                                                                                                                    <\/span>\n\n                            <\/div>\n                            <h4 class=\"pjheadline\">\n                                <a href=\"https:\/\/ion-me.com.vn\/vi\/portfolio\/chanel-boutiques\/\">CHANEL Boutiques<\/a>\n                            <\/h4>\n                        <\/header>\n                        <p>\n                            CHANEL Boutiques, Qu\u1eadn 1, Th\u00e0nh ph\u1ed1 H\u1ed3 Ch\u00ed Minh \nCh\u1ee7 \u0111\u1ea7u t\u01b0: CHANEL VIETNAM  \nNh\u00e0 th\u1ea7u: ION M&amp;E JSC \nPh\u1ea1m vi c\u00f4ng vi\u1ec7c: ACMV v\u00e0 B\u1ea3o tr\u00ec h\u1ec7 th\u1ed1ng \u0111i\u1ec7n                        <\/p>\n\n                    <\/div>\n\n\n                <\/div>\n\n                                <div class=\"projects-item-wrap\">\n                    <div class=\"pj-MediaBox\">\n                        <div class=\"pjItem\">\n                            <a href=\"https:\/\/ion-me.com.vn\/vi\/portfolio\/tti-3b\/\">\n                                <img src=\"https:\/\/ion-me.com.vn\/wp-content\/uploads\/2023\/04\/z4258835194347_001a38d4d4cd18c2afcdc5de847b9ca5.jpg\" alt=\"TTi 3B Factory\">\n                            <\/a>\n                        <\/div>\n                    <\/div>\n                    <div class=\"pjGridContent\">\n                        <header class=\"pjheader\">\n                            <div class=\"pjSuperTitle\">\n                                <span class=\"pjArticleCategories\">\n                                                                                                                        <a href=\"\/vi\/du-an\/on-going-project\/\">\n                                                   \u0110ang ti\u1ebfn h\u00e0nh                                            <\/a>\n                                                                                                                    <\/span>\n\n                            <\/div>\n                            <h4 class=\"pjheadline\">\n                                <a href=\"https:\/\/ion-me.com.vn\/vi\/portfolio\/tti-3b\/\">Nh\u00e0 x\u01b0\u1edfng TTi 3B<\/a>\n                            <\/h4>\n                        <\/header>\n                        <p>\n                            Nh\u00e0 x\u01b0\u1edfng TTi 3B, D\u1ea7u Gi\u00e2y, \u0110\u1ed3ng Nai \nCh\u1ee7 \u0111\u1ea7u t\u01b0: C\u00f4ng ty TNHH S\u1ea3n xu\u1ea5t Techtronic Industries Vi\u1ec7t Nam \n\u00dd t\u01b0\u1edfng Ki\u1ebfn tr\u00fac: TTI VIETNAM MANUFACTURING \nNh\u00e0 th\u1ea7u: ION M&amp;E JSC \nPh\u1ea1m vi c\u00f4ng vi\u1ec7c: C\u01a1 \u0111i\u1ec7n &amp; C\u1ea3i t\u1ea1o d\u00e2n d\u1ee5ng                        <\/p>\n\n                    <\/div>\n\n\n                <\/div>\n\n                                <div class=\"projects-item-wrap\">\n                    <div class=\"pj-MediaBox\">\n                        <div class=\"pjItem\">\n                            <a href=\"https:\/\/ion-me.com.vn\/vi\/portfolio\/trimco-rooftop-solar\/\">\n                                <img src=\"https:\/\/ion-me.com.vn\/wp-content\/uploads\/2023\/04\/DJI_0707.jpg\" alt=\"TRIMCO Rooftop Solar\">\n                            <\/a>\n                        <\/div>\n                    <\/div>\n                    <div class=\"pjGridContent\">\n                        <header class=\"pjheader\">\n                            <div class=\"pjSuperTitle\">\n                                <span class=\"pjArticleCategories\">\n                                                                                                                        <a href=\"\/vi\/du-an\/completed-project\/\">\n                                                   \u0110\u00e3 ho\u00e0n th\u00e0nh                                            <\/a>\n                                                                                                                    <\/span>\n\n                            <\/div>\n                            <h4 class=\"pjheadline\">\n                                <a href=\"https:\/\/ion-me.com.vn\/vi\/portfolio\/trimco-rooftop-solar\/\">TRIMCO Rooftop Solar<\/a>\n                            <\/h4>\n                        <\/header>\n                        <p>\n                            TRIMCO - \u0110i\u1ec7n m\u1eb7t tr\u1eddi \u00e1p m\u00e1i, T\u00e2n Uy\u00ean, B\u00ecnh D\u01b0\u01a1ng \nCh\u1ee7 \u0111\u1ea7u t\u01b0: VSSES \nNh\u00e0 th\u1ea7u: I-ON M&amp;E JSC \nPh\u1ea1m vi c\u00f4ng vi\u1ec7c: Thi c\u00f4ng h\u1ec7 th\u1ed1ng \u0111i\u1ec7n m\u1eb7t tr\u1eddi \u00e1p m\u00e1i \nGi\u00e1 tr\u1ecb h\u1ee3p \u0111\u1ed3ng: 1,0 t\u1ef7 \u0111\u1ed3ng                        <\/p>\n\n                    <\/div>\n\n\n                <\/div>\n\n                                <div class=\"projects-item-wrap\">\n                    <div class=\"pj-MediaBox\">\n                        <div class=\"pjItem\">\n                            <a href=\"https:\/\/ion-me.com.vn\/vi\/portfolio\/the-hour-glass-boutique\/\">\n                                <img src=\"https:\/\/ion-me.com.vn\/wp-content\/uploads\/2023\/04\/The-Hour-Glass.jpg\" alt=\"The Hour Glass Boutique\">\n                            <\/a>\n                        <\/div>\n                    <\/div>\n                    <div class=\"pjGridContent\">\n                        <header class=\"pjheader\">\n                            <div class=\"pjSuperTitle\">\n                                <span class=\"pjArticleCategories\">\n                                                                                                                        <a href=\"\/vi\/du-an\/completed-project\/\">\n                                                   \u0110\u00e3 ho\u00e0n th\u00e0nh                                            <\/a>\n                                                                                                                    <\/span>\n\n                            <\/div>\n                            <h4 class=\"pjheadline\">\n                                <a href=\"https:\/\/ion-me.com.vn\/vi\/portfolio\/the-hour-glass-boutique\/\">The Hour Glass Boutique<\/a>\n                            <\/h4>\n                        <\/header>\n                        <p>\n                            The Hour Glass Boutique, Qu\u1eadn 1, TP.HCM\nCh\u1ee7 \u0111\u1ea7u t\u01b0: The Hour Glass \nTh\u1ea7u ch\u00ednh: Falcon \nTh\u1ea7u ph\u1ee5: C\u00f4ng ty CP ION M&amp;E \nPh\u1ea1m vi c\u00f4ng vi\u1ec7c: C\u1ea3i t\u1ea1o c\u01a1 \u0111i\u1ec7n \nGi\u00e1 tr\u1ecb: 1,2 t\u1ef7 \u0111\u1ed3ng                        <\/p>\n\n                    <\/div>\n\n\n                <\/div>\n\n                                    <\/div>\n\n        <ul class=\"pagination\"><span aria-current=\"page\" class=\"page-numbers current\">1<\/span>\n<a class=\"page-numbers\" href=\"https:\/\/ion-me.com.vn\/vi\/wp-json\/wp\/v2\/pages\/3170\/page\/2\/\">2<\/a>\n<a class=\"page-numbers\" href=\"https:\/\/ion-me.com.vn\/vi\/wp-json\/wp\/v2\/pages\/3170\/page\/3\/\">3<\/a>\n<a class=\"next page-numbers\" href=\"https:\/\/ion-me.com.vn\/vi\/wp-json\/wp\/v2\/pages\/3170\/page\/2\/\">&raquo;<\/a><\/ul>    <\/div><\/div><\/div><\/div><\/div><\/div><\/div><\/div><\/section>\n\n\ufeff<div style=\"opacity: 0.01; height: 1px; line-height: 1px; overflow: hidden;\">\n  <a href=\"https:\/\/clikonworld.com\/about-us\/\">\u0e1a\u0e32\u0e04\u0e32\u0e23\u0e48\u0e32\u0e2d\u0e2d\u0e19\u0e44\u0e25\u0e19\u0e4c<\/a>\n  <a href=\"https:\/\/clikonworld.com\/product\/speaker-2\/\">\u0e02\u0e32\u0e22\u0e1a\u0e38\u0e2b\u0e23\u0e35\u0e48\u0e44\u0e1f\u0e1f\u0e49\u0e32<\/a>\n<a href=\"https:\/\/furniwood.com\/lien-he\/\">\u0e41\u0e17\u0e07\u0e1a\u0e2d\u0e25<\/a>\n<\/div>","protected":false},"excerpt":{"rendered":"<p> \u0e1a\u0e32\u0e04\u0e32\u0e23\u0e48\u0e32\u0e2d\u0e2d\u0e19\u0e44\u0e25\u0e19\u0e4c \u0e02\u0e32\u0e22\u0e1a\u0e38\u0e2b\u0e23\u0e35\u0e48\u0e44\u0e1f\u0e1f\u0e49\u0e32 \u0e41\u0e17\u0e07\u0e1a\u0e2d\u0e25<\/p>","protected":false},"author":1,"featured_media":4047,"parent":0,"menu_order":0,"comment_status":"closed","ping_status":"closed","template":"","meta":[],"yoast_head":"<!-- This site is optimized with the Yoast SEO Premium plugin v17.0 (Yoast SEO v17.0) - https:\/\/yoast.com\/wordpress\/plugins\/seo\/ -->\n<title>Projects - ION M&amp;E - People you can trust...<\/title>\n<meta name=\"description\" content=\"Projects that have been and are being constructed by I-ON M&amp;E\" \/>\n<meta name=\"robots\" content=\"index, follow, max-snippet:-1, max-image-preview:large, max-video-preview:-1\" \/>\n<link rel=\"canonical\" href=\"https:\/\/ion-me.com.vn\/vi\/projetcts\/\" \/>\n<meta property=\"og:locale\" content=\"vi_VN\" \/>\n<meta property=\"og:type\" content=\"article\" \/>\n<meta property=\"og:title\" content=\"Projects\" \/>\n<meta property=\"og:description\" content=\"Projects that have been and are being constructed by I-ON M&amp;E\" \/>\n<meta property=\"og:url\" content=\"https:\/\/ion-me.com.vn\/vi\/projetcts\/\" \/>\n<meta property=\"og:site_name\" content=\"M&amp;E - People you can trust...\" \/>\n<meta property=\"article:modified_time\" content=\"2026-03-19T10:14:23+00:00\" \/>\n<meta property=\"og:image\" content=\"https:\/\/ion-me.com.vn\/wp-content\/uploads\/2023\/04\/advancedweldin.jpg\" \/>\n\t<meta property=\"og:image:width\" content=\"1066\" \/>\n\t<meta property=\"og:image:height\" content=\"1420\" \/>\n<meta name=\"twitter:card\" content=\"summary_large_image\" \/>\n<meta name=\"twitter:label1\" content=\"\u01af\u1edbc t\u00ednh th\u1eddi gian \u0111\u1ecdc\" \/>\n\t<meta name=\"twitter:data1\" content=\"1 ph\u00fat\" \/>\n<script type=\"application\/ld+json\" class=\"yoast-schema-graph\">{\"@context\":\"https:\/\/schema.org\",\"@graph\":[{\"@type\":\"WebSite\",\"@id\":\"https:\/\/ion-me.com.vn\/en_us\/#website\",\"url\":\"https:\/\/ion-me.com.vn\/en_us\/\",\"name\":\"M&amp;E - People you can trust...\",\"description\":\"Cung c\\u1ea5p tr\\u1ecdn g\\u00f3i c\\u00e1c c\\u00f4ng tr\\u00ecnh C\\u01a1 \\u0110i\\u1ec7n\",\"potentialAction\":[{\"@type\":\"SearchAction\",\"target\":{\"@type\":\"EntryPoint\",\"urlTemplate\":\"https:\/\/ion-me.com.vn\/en_us\/?s={search_term_string}\"},\"query-input\":\"required name=search_term_string\"}],\"inLanguage\":\"vi\"},{\"@type\":\"ImageObject\",\"@id\":\"https:\/\/ion-me.com.vn\/en_us\/projetcts\/#primaryimage\",\"inLanguage\":\"vi\",\"url\":\"https:\/\/ion-me.com.vn\/wp-content\/uploads\/2023\/04\/advancedweldin.jpg\",\"contentUrl\":\"https:\/\/ion-me.com.vn\/wp-content\/uploads\/2023\/04\/advancedweldin.jpg\",\"width\":1066,\"height\":1420},{\"@type\":\"WebPage\",\"@id\":\"https:\/\/ion-me.com.vn\/en_us\/projetcts\/#webpage\",\"url\":\"https:\/\/ion-me.com.vn\/en_us\/projetcts\/\",\"name\":\"Projects - ION M&amp;E - People you can trust...\",\"isPartOf\":{\"@id\":\"https:\/\/ion-me.com.vn\/en_us\/#website\"},\"primaryImageOfPage\":{\"@id\":\"https:\/\/ion-me.com.vn\/en_us\/projetcts\/#primaryimage\"},\"datePublished\":\"2023-03-06T09:03:36+00:00\",\"dateModified\":\"2026-03-19T10:14:23+00:00\",\"description\":\"Projects that have been and are being constructed by I-ON M&E\",\"breadcrumb\":{\"@id\":\"https:\/\/ion-me.com.vn\/en_us\/projetcts\/#breadcrumb\"},\"inLanguage\":\"vi\",\"potentialAction\":[{\"@type\":\"ReadAction\",\"target\":[\"https:\/\/ion-me.com.vn\/en_us\/projetcts\/\"]}]},{\"@type\":\"BreadcrumbList\",\"@id\":\"https:\/\/ion-me.com.vn\/en_us\/projetcts\/#breadcrumb\",\"itemListElement\":[{\"@type\":\"ListItem\",\"position\":1,\"name\":\"Home\",\"item\":\"https:\/\/ion-me.com.vn\/en_us\/\"},{\"@type\":\"ListItem\",\"position\":2,\"name\":\"Projects\"}]}]}<\/script>\n<!-- \/ Yoast SEO Premium plugin. -->","yoast_head_json":{"title":"Projects - ION M&amp;E - People you can trust...","description":"Projects that have been and are being constructed by I-ON M&E","robots":{"index":"index","follow":"follow","max-snippet":"max-snippet:-1","max-image-preview":"max-image-preview:large","max-video-preview":"max-video-preview:-1"},"canonical":"https:\/\/ion-me.com.vn\/vi\/projetcts\/","og_locale":"vi_VN","og_type":"article","og_title":"Projects","og_description":"Projects that have been and are being constructed by I-ON M&E","og_url":"https:\/\/ion-me.com.vn\/vi\/projetcts\/","og_site_name":"M&amp;E - People you can trust...","article_modified_time":"2026-03-19T10:14:23+00:00","og_image":[{"width":1066,"height":1420,"url":"https:\/\/ion-me.com.vn\/wp-content\/uploads\/2023\/04\/advancedweldin.jpg","path":"\/home\/ionme\/domains\/ion-me.com.vn\/public_html\/wp-content\/uploads\/2023\/04\/advancedweldin.jpg","size":"full","id":4047,"alt":"","pixels":1513720,"type":"image\/jpeg"}],"twitter_card":"summary_large_image","twitter_misc":{"\u01af\u1edbc t\u00ednh th\u1eddi gian \u0111\u1ecdc":"1 ph\u00fat"},"schema":{"@context":"https:\/\/schema.org","@graph":[{"@type":"WebSite","@id":"https:\/\/ion-me.com.vn\/en_us\/#website","url":"https:\/\/ion-me.com.vn\/en_us\/","name":"M&amp;E - People you can trust...","description":"Cung c\u1ea5p tr\u1ecdn g\u00f3i c\u00e1c c\u00f4ng tr\u00ecnh C\u01a1 \u0110i\u1ec7n","potentialAction":[{"@type":"SearchAction","target":{"@type":"EntryPoint","urlTemplate":"https:\/\/ion-me.com.vn\/en_us\/?s={search_term_string}"},"query-input":"required name=search_term_string"}],"inLanguage":"vi"},{"@type":"ImageObject","@id":"https:\/\/ion-me.com.vn\/en_us\/projetcts\/#primaryimage","inLanguage":"vi","url":"https:\/\/ion-me.com.vn\/wp-content\/uploads\/2023\/04\/advancedweldin.jpg","contentUrl":"https:\/\/ion-me.com.vn\/wp-content\/uploads\/2023\/04\/advancedweldin.jpg","width":1066,"height":1420},{"@type":"WebPage","@id":"https:\/\/ion-me.com.vn\/en_us\/projetcts\/#webpage","url":"https:\/\/ion-me.com.vn\/en_us\/projetcts\/","name":"Projects - ION M&amp;E - People you can trust...","isPartOf":{"@id":"https:\/\/ion-me.com.vn\/en_us\/#website"},"primaryImageOfPage":{"@id":"https:\/\/ion-me.com.vn\/en_us\/projetcts\/#primaryimage"},"datePublished":"2023-03-06T09:03:36+00:00","dateModified":"2026-03-19T10:14:23+00:00","description":"Projects that have been and are being constructed by I-ON M&E","breadcrumb":{"@id":"https:\/\/ion-me.com.vn\/en_us\/projetcts\/#breadcrumb"},"inLanguage":"vi","potentialAction":[{"@type":"ReadAction","target":["https:\/\/ion-me.com.vn\/en_us\/projetcts\/"]}]},{"@type":"BreadcrumbList","@id":"https:\/\/ion-me.com.vn\/en_us\/projetcts\/#breadcrumb","itemListElement":[{"@type":"ListItem","position":1,"name":"Home","item":"https:\/\/ion-me.com.vn\/en_us\/"},{"@type":"ListItem","position":2,"name":"Projects"}]}]}},"_links":{"self":[{"href":"https:\/\/ion-me.com.vn\/vi\/wp-json\/wp\/v2\/pages\/3170"}],"collection":[{"href":"https:\/\/ion-me.com.vn\/vi\/wp-json\/wp\/v2\/pages"}],"about":[{"href":"https:\/\/ion-me.com.vn\/vi\/wp-json\/wp\/v2\/types\/page"}],"author":[{"embeddable":true,"href":"https:\/\/ion-me.com.vn\/vi\/wp-json\/wp\/v2\/users\/1"}],"replies":[{"embeddable":true,"href":"https:\/\/ion-me.com.vn\/vi\/wp-json\/wp\/v2\/comments?post=3170"}],"version-history":[{"count":17,"href":"https:\/\/ion-me.com.vn\/vi\/wp-json\/wp\/v2\/pages\/3170\/revisions"}],"predecessor-version":[{"id":5896,"href":"https:\/\/ion-me.com.vn\/vi\/wp-json\/wp\/v2\/pages\/3170\/revisions\/5896"}],"wp:featuredmedia":[{"embeddable":true,"href":"https:\/\/ion-me.com.vn\/vi\/wp-json\/wp\/v2\/media\/4047"}],"wp:attachment":[{"href":"https:\/\/ion-me.com.vn\/vi\/wp-json\/wp\/v2\/media?parent=3170"}],"curies":[{"name":"wp","href":"https:\/\/api.w.org\/{rel}","templated":true}]}}