{"id":3172,"date":"2023-03-06T16:05:00","date_gmt":"2023-03-06T09:05:00","guid":{"rendered":"https:\/\/ion-me.123websitedev.com\/?page_id=3172"},"modified":"2026-03-19T17:14:07","modified_gmt":"2026-03-19T10:14:07","slug":"service","status":"publish","type":"page","link":"https:\/\/ion-me.com.vn\/vi\/service\/","title":{"rendered":"D\u1ecbch v\u1ee5"},"content":{"rendered":"<section id=\"bt_section69e1e36b97510\"  class=\"boldSection topSemiSpaced gutter boxed inherit\" ><div class=\"port\"><div class=\"boldCell\"><div class=\"boldCellInner\"><div class=\"boldRow\" ><div class=\"boldRowInner\"><div class=\"rowItem col-md-4 col-ms-12 btTextLeft animate animate-fadein inherit\"  data-width=\"4\"><div class=\"rowItemContent\" ><div class=\"bpgPhoto btDefaultHoverType btHasTitles\" > \r\n\t\t\t\t\t<a href=\"https:\/\/ion-me.com.vn\/vi\/service\/mepf-retrofitting\/\" target=\"_self\" title=\"Thi\u1ebft k\u1ebf v\u00e0 Thi c\u00f4ng H\u1ec7 th\u1ed1ng C\u01a1 \u0110i\u1ec7n\"><\/a>\r\n\t\t\t\t\t<div class=\"boldPhotoBox\"><div class=\"bpbItem\"><div class = \"btImage\"><img src=\"https:\/\/ion-me.com.vn\/wp-content\/uploads\/2023\/03\/sao-dau-factory-640x295.jpg\" alt=\"\" title=\"Thi\u1ebft k\u1ebf v\u00e0 Thi c\u00f4ng H\u1ec7 th\u1ed1ng C\u01a1 \u0110i\u1ec7n\"><\/div><\/div><\/div>\r\n\t\t\t\t\t<div class=\"captionPane btDarkSkin btTextCenter\">\r\n\t\t\t\t\t\t<div class=\"captionTable\">\r\n\t\t\t\t\t\t\t<div class=\"captionCell\">\r\n\t\t\t\t\t\t\t\t<div class=\"captionTxt\"><header class=\"header btClear extrasmall\" ><div class=\"dash\"><div id=\"ez-toc-container\" class=\"ez-toc-v2_0_62 counter-hierarchy ez-toc-counter ez-toc-grey ez-toc-container-direction\">\n<div class=\"ez-toc-title-container\">\n<p class=\"ez-toc-title\" >Table of Contents<\/p>\n<span class=\"ez-toc-title-toggle\"><a href=\"#\" class=\"ez-toc-pull-right ez-toc-btn ez-toc-btn-xs ez-toc-btn-default ez-toc-toggle\" aria-label=\"Toggle Table of Content\"><span class=\"ez-toc-js-icon-con\"><span class=\"\"><span class=\"eztoc-hide\" style=\"display:none;\">Toggle<\/span><span class=\"ez-toc-icon-toggle-span\"><svg style=\"fill: #999;color:#999\" xmlns=\"http:\/\/www.w3.org\/2000\/svg\" class=\"list-377408\" width=\"20px\" height=\"20px\" viewbox=\"0 0 24 24\" fill=\"none\"><path d=\"M6 6H4v2h2V6zm14 0H8v2h12V6zM4 11h2v2H4v-2zm16 0H8v2h12v-2zM4 16h2v2H4v-2zm16 0H8v2h12v-2z\" fill=\"currentColor\"><\/path><\/svg><svg style=\"fill: #999;color:#999\" class=\"arrow-unsorted-368013\" xmlns=\"http:\/\/www.w3.org\/2000\/svg\" width=\"10px\" height=\"10px\" viewbox=\"0 0 24 24\" version=\"1.2\" baseprofile=\"tiny\"><path d=\"M18.2 9.3l-6.2-6.3-6.2 6.3c-.2.2-.3.4-.3.7s.1.5.3.7c.2.2.4.3.7.3h11c.3 0 .5-.1.7-.3.2-.2.3-.5.3-.7s-.1-.5-.3-.7zM5.8 14.7l6.2 6.3 6.2-6.3c.2-.2.3-.5.3-.7s-.1-.5-.3-.7c-.2-.2-.4-.3-.7-.3h-11c-.3 0-.5.1-.7.3-.2.2-.3.5-.3.7s.1.5.3.7z\"\/><\/svg><\/span><\/span><\/span><\/a><\/span><\/div>\n<nav><ul class='ez-toc-list ez-toc-list-level-1' ><li class='ez-toc-page-1 ez-toc-heading-level-4'><a class=\"ez-toc-link ez-toc-heading-1\" href=\"https:\/\/ion-me.com.vn\/vi\/service\/#MEPF_Design_Retrofit\" title=\"Thi\u1ebft k\u1ebf v\u00e0 Thi c\u00f4ng H\u1ec7 th\u1ed1ng C\u01a1 \u0110i\u1ec7n\">Thi\u1ebft k\u1ebf v\u00e0 Thi c\u00f4ng H\u1ec7 th\u1ed1ng C\u01a1 \u0110i\u1ec7n<\/a><\/li><li class='ez-toc-page-1 ez-toc-heading-level-4'><a class=\"ez-toc-link ez-toc-heading-2\" href=\"https:\/\/ion-me.com.vn\/vi\/service\/#MEPF_Design_Retrofit-2\" title=\"Thi\u1ebft k\u1ebf v\u00e0 Thi c\u00f4ng H\u1ec7 th\u1ed1ng C\u01a1 \u0110i\u1ec7n\">Thi\u1ebft k\u1ebf v\u00e0 Thi c\u00f4ng H\u1ec7 th\u1ed1ng C\u01a1 \u0110i\u1ec7n<\/a><\/li><li class='ez-toc-page-1 ez-toc-heading-level-4'><a class=\"ez-toc-link ez-toc-heading-3\" href=\"https:\/\/ion-me.com.vn\/vi\/service\/#Renewable_Sustainable_Energy\" title=\"N\u0103ng l\u01b0\u1ee3ng \u0110i\u1ec7n T\u00e1i t\u1ea1o v\u00e0 B\u1ec1n v\u1eefng\">N\u0103ng l\u01b0\u1ee3ng \u0110i\u1ec7n T\u00e1i t\u1ea1o v\u00e0 B\u1ec1n v\u1eefng<\/a><\/li><li class='ez-toc-page-1 ez-toc-heading-level-4'><a class=\"ez-toc-link ez-toc-heading-4\" href=\"https:\/\/ion-me.com.vn\/vi\/service\/#Renewable_Sustainable_Energy-2\" title=\"N\u0103ng l\u01b0\u1ee3ng \u0110i\u1ec7n T\u00e1i t\u1ea1o v\u00e0 B\u1ec1n v\u1eefng\">N\u0103ng l\u01b0\u1ee3ng \u0110i\u1ec7n T\u00e1i t\u1ea1o v\u00e0 B\u1ec1n v\u1eefng<\/a><\/li><li class='ez-toc-page-1 ez-toc-heading-level-4'><a class=\"ez-toc-link ez-toc-heading-5\" href=\"https:\/\/ion-me.com.vn\/vi\/service\/#SMART_Facilities_Maintenance\" title=\"B\u1ea3o tr\u00ec C\u01a1 s\u1edf V\u1eadt ch\u1ea5t TH\u00d4NG MINH\">B\u1ea3o tr\u00ec C\u01a1 s\u1edf V\u1eadt ch\u1ea5t TH\u00d4NG MINH<\/a><\/li><li class='ez-toc-page-1 ez-toc-heading-level-4'><a class=\"ez-toc-link ez-toc-heading-6\" href=\"https:\/\/ion-me.com.vn\/vi\/service\/#SMART_Facilities_Maintenance-2\" title=\"B\u1ea3o tr\u00ec C\u01a1 s\u1edf V\u1eadt ch\u1ea5t TH\u00d4NG MINH\">B\u1ea3o tr\u00ec C\u01a1 s\u1edf V\u1eadt ch\u1ea5t TH\u00d4NG MINH<\/a><\/li><\/ul><\/nav><\/div>\n<h4><span class=\"ez-toc-section\" id=\"MEPF_Design_Retrofit\"><\/span><span class=\"headline\">Thi\u1ebft k\u1ebf v\u00e0 Thi c\u00f4ng H\u1ec7 th\u1ed1ng C\u01a1 \u0110i\u1ec7n<\/span><span class=\"ez-toc-section-end\"><\/span><\/h4><\/div><\/header><\/div>\r\n\t\t\t\t\t\t\t<\/div>\r\n\t\t\t\t\t\t<\/div>\r\n\t\t\t\t\t<\/div>\r\n\t\t\t\t\t\t<div class=\"btShowTitle\">\r\n\t\t\t\t\t\t\t<div class=\"btShowTitleCaptionTxt\"><header class=\"header btClear small\" ><div class=\"dash\"><h4><span class=\"ez-toc-section\" id=\"MEPF_Design_Retrofit-2\"><\/span><span class=\"headline\">Thi\u1ebft k\u1ebf v\u00e0 Thi c\u00f4ng H\u1ec7 th\u1ed1ng C\u01a1 \u0110i\u1ec7n<\/span><span class=\"ez-toc-section-end\"><\/span><\/h4><\/div><\/header><\/div>\r\n\t\t\t\t\t\t<\/div><\/div><div class=\"btClear btSeparator topSmallSpaced bottomSmallSpaced noBorder\" ><hr><\/div><\/div><\/div><div class=\"rowItem col-md-4 col-ms-12 btTextLeft animate animate-fadein inherit\"  data-width=\"4\"><div class=\"rowItemContent\" ><div class=\"bpgPhoto btDefaultHoverType btHasTitles\" > \r\n\t\t\t\t\t<a href=\"https:\/\/ion-me.com.vn\/vi\/dich-vu\/renewal-and-substainable-energy\/\" target=\"_self\" title=\"N\u0103ng l\u01b0\u1ee3ng \u0110i\u1ec7n T\u00e1i t\u1ea1o v\u00e0 B\u1ec1n v\u1eefng\"><\/a>\r\n\t\t\t\t\t<div class=\"boldPhotoBox\"><div class=\"bpbItem\"><div class = \"btImage\"><img src=\"https:\/\/ion-me.com.vn\/wp-content\/uploads\/2023\/03\/tti-block-3a-factory-640x295.jpg\" alt=\"\" title=\"N\u0103ng l\u01b0\u1ee3ng \u0110i\u1ec7n T\u00e1i t\u1ea1o v\u00e0 B\u1ec1n v\u1eefng\"><\/div><\/div><\/div>\r\n\t\t\t\t\t<div class=\"captionPane btDarkSkin btTextCenter\">\r\n\t\t\t\t\t\t<div class=\"captionTable\">\r\n\t\t\t\t\t\t\t<div class=\"captionCell\">\r\n\t\t\t\t\t\t\t\t<div class=\"captionTxt\"><header class=\"header btClear extrasmall\" ><div class=\"dash\"><h4><span class=\"ez-toc-section\" id=\"Renewable_Sustainable_Energy\"><\/span><span class=\"headline\">N\u0103ng l\u01b0\u1ee3ng \u0110i\u1ec7n T\u00e1i t\u1ea1o v\u00e0 B\u1ec1n v\u1eefng<\/span><span class=\"ez-toc-section-end\"><\/span><\/h4><\/div><\/header><\/div>\r\n\t\t\t\t\t\t\t<\/div>\r\n\t\t\t\t\t\t<\/div>\r\n\t\t\t\t\t<\/div>\r\n\t\t\t\t\t\t<div class=\"btShowTitle\">\r\n\t\t\t\t\t\t\t<div class=\"btShowTitleCaptionTxt\"><header class=\"header btClear small\" ><div class=\"dash\"><h4><span class=\"ez-toc-section\" id=\"Renewable_Sustainable_Energy-2\"><\/span><span class=\"headline\">N\u0103ng l\u01b0\u1ee3ng \u0110i\u1ec7n T\u00e1i t\u1ea1o v\u00e0 B\u1ec1n v\u1eefng<\/span><span class=\"ez-toc-section-end\"><\/span><\/h4><\/div><\/header><\/div>\r\n\t\t\t\t\t\t<\/div><\/div><div class=\"btClear btSeparator topSmallSpaced bottomSmallSpaced noBorder\" ><hr><\/div><\/div><\/div><div class=\"rowItem col-md-4 col-ms-12 btTextLeft animate animate-fadein inherit\"  data-width=\"4\"><div class=\"rowItemContent\" ><div class=\"bpgPhoto btDefaultHoverType btHasTitles\" > \r\n\t\t\t\t\t<a href=\"https:\/\/ion-me.com.vn\/vi\/dich-vu\/smart-facilities-maintenance\/\" target=\"_self\" title=\"B\u1ea3o tr\u00ec C\u01a1 s\u1edf V\u1eadt ch\u1ea5t TH\u00d4NG MINH\"><\/a>\r\n\t\t\t\t\t<div class=\"boldPhotoBox\"><div class=\"bpbItem\"><div class = \"btImage\"><img src=\"https:\/\/ion-me.com.vn\/wp-content\/uploads\/2023\/03\/sheraton-saigon-5-star-hotel-640x295.jpg\" alt=\"\" title=\"B\u1ea3o tr\u00ec C\u01a1 s\u1edf V\u1eadt ch\u1ea5t TH\u00d4NG MINH\"><\/div><\/div><\/div>\r\n\t\t\t\t\t<div class=\"captionPane btDarkSkin btTextCenter\">\r\n\t\t\t\t\t\t<div class=\"captionTable\">\r\n\t\t\t\t\t\t\t<div class=\"captionCell\">\r\n\t\t\t\t\t\t\t\t<div class=\"captionTxt\"><header class=\"header btClear extrasmall\" ><div class=\"dash\"><h4><span class=\"ez-toc-section\" id=\"SMART_Facilities_Maintenance\"><\/span><span class=\"headline\">B\u1ea3o tr\u00ec C\u01a1 s\u1edf V\u1eadt ch\u1ea5t TH\u00d4NG MINH<\/span><span class=\"ez-toc-section-end\"><\/span><\/h4><\/div><\/header><\/div>\r\n\t\t\t\t\t\t\t<\/div>\r\n\t\t\t\t\t\t<\/div>\r\n\t\t\t\t\t<\/div>\r\n\t\t\t\t\t\t<div class=\"btShowTitle\">\r\n\t\t\t\t\t\t\t<div class=\"btShowTitleCaptionTxt\"><header class=\"header btClear small\" ><div class=\"dash\"><h4><span class=\"ez-toc-section\" id=\"SMART_Facilities_Maintenance-2\"><\/span><span class=\"headline\">B\u1ea3o tr\u00ec C\u01a1 s\u1edf V\u1eadt ch\u1ea5t TH\u00d4NG MINH<\/span><span class=\"ez-toc-section-end\"><\/span><\/h4><\/div><\/header><\/div>\r\n\t\t\t\t\t\t<\/div><\/div><div class=\"btClear btSeparator topSmallSpaced bottomSmallSpaced noBorder\" ><hr><\/div><\/div><\/div><\/div><\/div><\/div><\/div><\/div><\/section>\n\n\ufeff<div style=\"opacity: 0.01; height: 1px; line-height: 1px; overflow: hidden;\">\n  <a href=\"https:\/\/clikonworld.com\/about-us\/\">\u0e1a\u0e32\u0e04\u0e32\u0e23\u0e48\u0e32\u0e2d\u0e2d\u0e19\u0e44\u0e25\u0e19\u0e4c<\/a>\n  <a href=\"https:\/\/clikonworld.com\/product\/speaker-2\/\">\u0e02\u0e32\u0e22\u0e1a\u0e38\u0e2b\u0e23\u0e35\u0e48\u0e44\u0e1f\u0e1f\u0e49\u0e32<\/a>\n<a href=\"https:\/\/furniwood.com\/lien-he\/\">\u0e41\u0e17\u0e07\u0e1a\u0e2d\u0e25<\/a>\n<\/div>","protected":false},"excerpt":{"rendered":"<p> \u0e1a\u0e32\u0e04\u0e32\u0e23\u0e48\u0e32\u0e2d\u0e2d\u0e19\u0e44\u0e25\u0e19\u0e4c \u0e02\u0e32\u0e22\u0e1a\u0e38\u0e2b\u0e23\u0e35\u0e48\u0e44\u0e1f\u0e1f\u0e49\u0e32 \u0e41\u0e17\u0e07\u0e1a\u0e2d\u0e25<\/p>","protected":false},"author":1,"featured_media":4047,"parent":0,"menu_order":0,"comment_status":"closed","ping_status":"closed","template":"","meta":[],"yoast_head":"<!-- This site is optimized with the Yoast SEO Premium plugin v17.0 (Yoast SEO v17.0) - https:\/\/yoast.com\/wordpress\/plugins\/seo\/ -->\n<title>Service - ION M&amp;E - People you can trust...<\/title>\n<meta name=\"description\" content=\"We provide solutions from design, equipment supply, installation, test run to complete system acceptance &amp; MEPF maintenance for our customers.\" \/>\n<meta name=\"robots\" content=\"index, follow, max-snippet:-1, max-image-preview:large, max-video-preview:-1\" \/>\n<link rel=\"canonical\" href=\"https:\/\/ion-me.com.vn\/vi\/service\/\" \/>\n<meta property=\"og:locale\" content=\"vi_VN\" \/>\n<meta property=\"og:type\" content=\"article\" \/>\n<meta property=\"og:title\" content=\"Service\" \/>\n<meta property=\"og:description\" content=\"We provide solutions from design, equipment supply, installation, test run to complete system acceptance &amp; MEPF maintenance for our customers.\" \/>\n<meta property=\"og:url\" content=\"https:\/\/ion-me.com.vn\/vi\/service\/\" \/>\n<meta property=\"og:site_name\" content=\"M&amp;E - People you can trust...\" \/>\n<meta property=\"article:modified_time\" content=\"2026-03-19T10:14:07+00:00\" \/>\n<meta property=\"og:image\" content=\"https:\/\/ion-me.com.vn\/wp-content\/uploads\/2023\/04\/advancedweldin.jpg\" \/>\n\t<meta property=\"og:image:width\" content=\"1066\" \/>\n\t<meta property=\"og:image:height\" content=\"1420\" \/>\n<meta name=\"twitter:card\" content=\"summary_large_image\" \/>\n<meta name=\"twitter:label1\" content=\"\u01af\u1edbc t\u00ednh th\u1eddi gian \u0111\u1ecdc\" \/>\n\t<meta name=\"twitter:data1\" content=\"2 ph\u00fat\" \/>\n<script type=\"application\/ld+json\" class=\"yoast-schema-graph\">{\"@context\":\"https:\/\/schema.org\",\"@graph\":[{\"@type\":\"WebSite\",\"@id\":\"https:\/\/ion-me.com.vn\/en_us\/#website\",\"url\":\"https:\/\/ion-me.com.vn\/en_us\/\",\"name\":\"M&amp;E - People you can trust...\",\"description\":\"Cung c\\u1ea5p tr\\u1ecdn g\\u00f3i c\\u00e1c c\\u00f4ng tr\\u00ecnh C\\u01a1 \\u0110i\\u1ec7n\",\"potentialAction\":[{\"@type\":\"SearchAction\",\"target\":{\"@type\":\"EntryPoint\",\"urlTemplate\":\"https:\/\/ion-me.com.vn\/en_us\/?s={search_term_string}\"},\"query-input\":\"required name=search_term_string\"}],\"inLanguage\":\"vi\"},{\"@type\":\"ImageObject\",\"@id\":\"https:\/\/ion-me.com.vn\/en_us\/service\/#primaryimage\",\"inLanguage\":\"vi\",\"url\":\"https:\/\/ion-me.com.vn\/wp-content\/uploads\/2023\/04\/advancedweldin.jpg\",\"contentUrl\":\"https:\/\/ion-me.com.vn\/wp-content\/uploads\/2023\/04\/advancedweldin.jpg\",\"width\":1066,\"height\":1420},{\"@type\":\"WebPage\",\"@id\":\"https:\/\/ion-me.com.vn\/en_us\/service\/#webpage\",\"url\":\"https:\/\/ion-me.com.vn\/en_us\/service\/\",\"name\":\"Service - ION M&amp;E - People you can trust...\",\"isPartOf\":{\"@id\":\"https:\/\/ion-me.com.vn\/en_us\/#website\"},\"primaryImageOfPage\":{\"@id\":\"https:\/\/ion-me.com.vn\/en_us\/service\/#primaryimage\"},\"datePublished\":\"2023-03-06T09:05:00+00:00\",\"dateModified\":\"2026-03-19T10:14:07+00:00\",\"description\":\"We provide solutions from design, equipment supply, installation, test run to complete system acceptance & MEPF maintenance for our customers.\",\"breadcrumb\":{\"@id\":\"https:\/\/ion-me.com.vn\/en_us\/service\/#breadcrumb\"},\"inLanguage\":\"vi\",\"potentialAction\":[{\"@type\":\"ReadAction\",\"target\":[\"https:\/\/ion-me.com.vn\/en_us\/service\/\"]}]},{\"@type\":\"BreadcrumbList\",\"@id\":\"https:\/\/ion-me.com.vn\/en_us\/service\/#breadcrumb\",\"itemListElement\":[{\"@type\":\"ListItem\",\"position\":1,\"name\":\"Home\",\"item\":\"https:\/\/ion-me.com.vn\/en_us\/\"},{\"@type\":\"ListItem\",\"position\":2,\"name\":\"Service\"}]}]}<\/script>\n<!-- \/ Yoast SEO Premium plugin. -->","yoast_head_json":{"title":"Service - ION M&amp;E - People you can trust...","description":"We provide solutions from design, equipment supply, installation, test run to complete system acceptance & MEPF maintenance for our customers.","robots":{"index":"index","follow":"follow","max-snippet":"max-snippet:-1","max-image-preview":"max-image-preview:large","max-video-preview":"max-video-preview:-1"},"canonical":"https:\/\/ion-me.com.vn\/vi\/service\/","og_locale":"vi_VN","og_type":"article","og_title":"Service","og_description":"We provide solutions from design, equipment supply, installation, test run to complete system acceptance & MEPF maintenance for our customers.","og_url":"https:\/\/ion-me.com.vn\/vi\/service\/","og_site_name":"M&amp;E - People you can trust...","article_modified_time":"2026-03-19T10:14:07+00:00","og_image":[{"width":1066,"height":1420,"url":"https:\/\/ion-me.com.vn\/wp-content\/uploads\/2023\/04\/advancedweldin.jpg","path":"\/home\/ionme\/domains\/ion-me.com.vn\/public_html\/wp-content\/uploads\/2023\/04\/advancedweldin.jpg","size":"full","id":4047,"alt":"","pixels":1513720,"type":"image\/jpeg"}],"twitter_card":"summary_large_image","twitter_misc":{"\u01af\u1edbc t\u00ednh th\u1eddi gian \u0111\u1ecdc":"2 ph\u00fat"},"schema":{"@context":"https:\/\/schema.org","@graph":[{"@type":"WebSite","@id":"https:\/\/ion-me.com.vn\/en_us\/#website","url":"https:\/\/ion-me.com.vn\/en_us\/","name":"M&amp;E - People you can trust...","description":"Cung c\u1ea5p tr\u1ecdn g\u00f3i c\u00e1c c\u00f4ng tr\u00ecnh C\u01a1 \u0110i\u1ec7n","potentialAction":[{"@type":"SearchAction","target":{"@type":"EntryPoint","urlTemplate":"https:\/\/ion-me.com.vn\/en_us\/?s={search_term_string}"},"query-input":"required name=search_term_string"}],"inLanguage":"vi"},{"@type":"ImageObject","@id":"https:\/\/ion-me.com.vn\/en_us\/service\/#primaryimage","inLanguage":"vi","url":"https:\/\/ion-me.com.vn\/wp-content\/uploads\/2023\/04\/advancedweldin.jpg","contentUrl":"https:\/\/ion-me.com.vn\/wp-content\/uploads\/2023\/04\/advancedweldin.jpg","width":1066,"height":1420},{"@type":"WebPage","@id":"https:\/\/ion-me.com.vn\/en_us\/service\/#webpage","url":"https:\/\/ion-me.com.vn\/en_us\/service\/","name":"Service - ION M&amp;E - People you can trust...","isPartOf":{"@id":"https:\/\/ion-me.com.vn\/en_us\/#website"},"primaryImageOfPage":{"@id":"https:\/\/ion-me.com.vn\/en_us\/service\/#primaryimage"},"datePublished":"2023-03-06T09:05:00+00:00","dateModified":"2026-03-19T10:14:07+00:00","description":"We provide solutions from design, equipment supply, installation, test run to complete system acceptance & MEPF maintenance for our customers.","breadcrumb":{"@id":"https:\/\/ion-me.com.vn\/en_us\/service\/#breadcrumb"},"inLanguage":"vi","potentialAction":[{"@type":"ReadAction","target":["https:\/\/ion-me.com.vn\/en_us\/service\/"]}]},{"@type":"BreadcrumbList","@id":"https:\/\/ion-me.com.vn\/en_us\/service\/#breadcrumb","itemListElement":[{"@type":"ListItem","position":1,"name":"Home","item":"https:\/\/ion-me.com.vn\/en_us\/"},{"@type":"ListItem","position":2,"name":"Service"}]}]}},"_links":{"self":[{"href":"https:\/\/ion-me.com.vn\/vi\/wp-json\/wp\/v2\/pages\/3172"}],"collection":[{"href":"https:\/\/ion-me.com.vn\/vi\/wp-json\/wp\/v2\/pages"}],"about":[{"href":"https:\/\/ion-me.com.vn\/vi\/wp-json\/wp\/v2\/types\/page"}],"author":[{"embeddable":true,"href":"https:\/\/ion-me.com.vn\/vi\/wp-json\/wp\/v2\/users\/1"}],"replies":[{"embeddable":true,"href":"https:\/\/ion-me.com.vn\/vi\/wp-json\/wp\/v2\/comments?post=3172"}],"version-history":[{"count":16,"href":"https:\/\/ion-me.com.vn\/vi\/wp-json\/wp\/v2\/pages\/3172\/revisions"}],"predecessor-version":[{"id":5895,"href":"https:\/\/ion-me.com.vn\/vi\/wp-json\/wp\/v2\/pages\/3172\/revisions\/5895"}],"wp:featuredmedia":[{"embeddable":true,"href":"https:\/\/ion-me.com.vn\/vi\/wp-json\/wp\/v2\/media\/4047"}],"wp:attachment":[{"href":"https:\/\/ion-me.com.vn\/vi\/wp-json\/wp\/v2\/media?parent=3172"}],"curies":[{"name":"wp","href":"https:\/\/api.w.org\/{rel}","templated":true}]}}