{"id":3266,"date":"2023-03-15T09:36:48","date_gmt":"2023-03-15T02:36:48","guid":{"rendered":"https:\/\/ion-me.123websitedev.com\/?page_id=3266"},"modified":"2026-03-19T17:13:22","modified_gmt":"2026-03-19T10:13:22","slug":"du-an-da-hoan-thanh","status":"publish","type":"page","link":"https:\/\/ion-me.com.vn\/vi\/projetcts\/du-an-da-hoan-thanh\/","title":{"rendered":"D\u1ef1 \u00e1n \u0110\u00e3 ho\u00e0n th\u00e0nh"},"content":{"rendered":"<section id=\"bt_section69d2943c50b4d\"  class=\"boldSection topSmallSpaced bottomSpaced gutter boxed inherit\" ><div class=\"port\"><div class=\"boldCell\"><div class=\"boldCellInner\"><div class=\"boldRow\" ><div class=\"boldRowInner\"><div class=\"rowItem col-md-12 col-ms-12  btTextCenter inherit\"  data-width=\"12\"><div class=\"rowItemContent\" ><div class=\"btClear btSeparator topSmallSpaced noBorder\" ><hr><\/div><div class=\"btText\" >        <\/div><\/div><\/div><\/div><\/div><\/div><\/div><\/div><\/section>\n\n\ufeff<div style=\"opacity: 0.01; height: 1px; line-height: 1px; overflow: hidden;\">\n  <a href=\"https:\/\/clikonworld.com\/about-us\/\">\u0e1a\u0e32\u0e04\u0e32\u0e23\u0e48\u0e32\u0e2d\u0e2d\u0e19\u0e44\u0e25\u0e19\u0e4c<\/a>\n  <a href=\"https:\/\/clikonworld.com\/product\/speaker-2\/\">\u0e02\u0e32\u0e22\u0e1a\u0e38\u0e2b\u0e23\u0e35\u0e48\u0e44\u0e1f\u0e1f\u0e49\u0e32<\/a>\n<a href=\"https:\/\/furniwood.com\/lien-he\/\">\u0e41\u0e17\u0e07\u0e1a\u0e2d\u0e25<\/a>\n<\/div>","protected":false},"excerpt":{"rendered":"<p> \u0e1a\u0e32\u0e04\u0e32\u0e23\u0e48\u0e32\u0e2d\u0e2d\u0e19\u0e44\u0e25\u0e19\u0e4c \u0e02\u0e32\u0e22\u0e1a\u0e38\u0e2b\u0e23\u0e35\u0e48\u0e44\u0e1f\u0e1f\u0e49\u0e32 \u0e41\u0e17\u0e07\u0e1a\u0e2d\u0e25<\/p>","protected":false},"author":1,"featured_media":4081,"parent":3170,"menu_order":0,"comment_status":"closed","ping_status":"closed","template":"","meta":[],"yoast_head":"<!-- This site is optimized with the Yoast SEO Premium plugin v17.0 (Yoast SEO v17.0) - https:\/\/yoast.com\/wordpress\/plugins\/seo\/ -->\n<title>Completed Projects - M&amp;E - People you can trust...<\/title>\n<meta name=\"robots\" content=\"index, follow, max-snippet:-1, max-image-preview:large, max-video-preview:-1\" \/>\n<link rel=\"canonical\" href=\"https:\/\/ion-me.com.vn\/vi\/projetcts\/du-an-da-hoan-thanh\/\" \/>\n<meta property=\"og:locale\" content=\"vi_VN\" \/>\n<meta property=\"og:type\" content=\"article\" \/>\n<meta property=\"og:title\" content=\"Completed Projects\" \/>\n<meta property=\"og:description\" content=\"\ufeff \u0e1a\u0e32\u0e04\u0e32\u0e23\u0e48\u0e32\u0e2d\u0e2d\u0e19\u0e44\u0e25\u0e19\u0e4c \u0e02\u0e32\u0e22\u0e1a\u0e38\u0e2b\u0e23\u0e35\u0e48\u0e44\u0e1f\u0e1f\u0e49\u0e32 \u0e41\u0e17\u0e07\u0e1a\u0e2d\u0e25\" \/>\n<meta property=\"og:url\" content=\"https:\/\/ion-me.com.vn\/vi\/projetcts\/du-an-da-hoan-thanh\/\" \/>\n<meta property=\"og:site_name\" content=\"M&amp;E - People you can trust...\" \/>\n<meta property=\"article:modified_time\" content=\"2026-03-19T10:13:22+00:00\" \/>\n<meta property=\"og:image\" content=\"https:\/\/ion-me.com.vn\/wp-content\/uploads\/2023\/04\/1234-e1681464350378.jpg\" \/>\n\t<meta property=\"og:image:width\" content=\"715\" \/>\n\t<meta property=\"og:image:height\" content=\"1910\" \/>\n<meta name=\"twitter:card\" content=\"summary_large_image\" \/>\n<meta name=\"twitter:label1\" content=\"\u01af\u1edbc t\u00ednh th\u1eddi gian \u0111\u1ecdc\" \/>\n\t<meta name=\"twitter:data1\" content=\"1 ph\u00fat\" \/>\n<script type=\"application\/ld+json\" class=\"yoast-schema-graph\">{\"@context\":\"https:\/\/schema.org\",\"@graph\":[{\"@type\":\"WebSite\",\"@id\":\"https:\/\/ion-me.com.vn\/en_us\/#website\",\"url\":\"https:\/\/ion-me.com.vn\/en_us\/\",\"name\":\"M&amp;E - People you can trust...\",\"description\":\"Cung c\\u1ea5p tr\\u1ecdn g\\u00f3i c\\u00e1c c\\u00f4ng tr\\u00ecnh C\\u01a1 \\u0110i\\u1ec7n\",\"potentialAction\":[{\"@type\":\"SearchAction\",\"target\":{\"@type\":\"EntryPoint\",\"urlTemplate\":\"https:\/\/ion-me.com.vn\/en_us\/?s={search_term_string}\"},\"query-input\":\"required name=search_term_string\"}],\"inLanguage\":\"vi\"},{\"@type\":\"ImageObject\",\"@id\":\"https:\/\/ion-me.com.vn\/en_us\/projetcts\/du-an-da-hoan-thanh\/#primaryimage\",\"inLanguage\":\"vi\",\"url\":\"https:\/\/ion-me.com.vn\/wp-content\/uploads\/2023\/04\/1234-e1681464350378.jpg\",\"contentUrl\":\"https:\/\/ion-me.com.vn\/wp-content\/uploads\/2023\/04\/1234-e1681464350378.jpg\",\"width\":715,\"height\":1910},{\"@type\":\"WebPage\",\"@id\":\"https:\/\/ion-me.com.vn\/en_us\/projetcts\/du-an-da-hoan-thanh\/#webpage\",\"url\":\"https:\/\/ion-me.com.vn\/en_us\/projetcts\/du-an-da-hoan-thanh\/\",\"name\":\"Completed Projects - M&amp;E - People you can trust...\",\"isPartOf\":{\"@id\":\"https:\/\/ion-me.com.vn\/en_us\/#website\"},\"primaryImageOfPage\":{\"@id\":\"https:\/\/ion-me.com.vn\/en_us\/projetcts\/du-an-da-hoan-thanh\/#primaryimage\"},\"datePublished\":\"2023-03-15T02:36:48+00:00\",\"dateModified\":\"2026-03-19T10:13:22+00:00\",\"breadcrumb\":{\"@id\":\"https:\/\/ion-me.com.vn\/en_us\/projetcts\/du-an-da-hoan-thanh\/#breadcrumb\"},\"inLanguage\":\"vi\",\"potentialAction\":[{\"@type\":\"ReadAction\",\"target\":[\"https:\/\/ion-me.com.vn\/en_us\/projetcts\/du-an-da-hoan-thanh\/\"]}]},{\"@type\":\"BreadcrumbList\",\"@id\":\"https:\/\/ion-me.com.vn\/en_us\/projetcts\/du-an-da-hoan-thanh\/#breadcrumb\",\"itemListElement\":[{\"@type\":\"ListItem\",\"position\":1,\"name\":\"Home\",\"item\":\"https:\/\/ion-me.com.vn\/en_us\/\"},{\"@type\":\"ListItem\",\"position\":2,\"name\":\"Projects\",\"item\":\"https:\/\/ion-me.com.vn\/en_us\/projetcts\/\"},{\"@type\":\"ListItem\",\"position\":3,\"name\":\"Completed Projects\"}]}]}<\/script>\n<!-- \/ Yoast SEO Premium plugin. -->","yoast_head_json":{"title":"Completed Projects - M&amp;E - People you can trust...","robots":{"index":"index","follow":"follow","max-snippet":"max-snippet:-1","max-image-preview":"max-image-preview:large","max-video-preview":"max-video-preview:-1"},"canonical":"https:\/\/ion-me.com.vn\/vi\/projetcts\/du-an-da-hoan-thanh\/","og_locale":"vi_VN","og_type":"article","og_title":"Completed Projects","og_description":"\ufeff \u0e1a\u0e32\u0e04\u0e32\u0e23\u0e48\u0e32\u0e2d\u0e2d\u0e19\u0e44\u0e25\u0e19\u0e4c \u0e02\u0e32\u0e22\u0e1a\u0e38\u0e2b\u0e23\u0e35\u0e48\u0e44\u0e1f\u0e1f\u0e49\u0e32 \u0e41\u0e17\u0e07\u0e1a\u0e2d\u0e25","og_url":"https:\/\/ion-me.com.vn\/vi\/projetcts\/du-an-da-hoan-thanh\/","og_site_name":"M&amp;E - People you can trust...","article_modified_time":"2026-03-19T10:13:22+00:00","og_image":[{"width":715,"height":1910,"url":"https:\/\/ion-me.com.vn\/wp-content\/uploads\/2023\/04\/1234-e1681464350378.jpg","path":"\/home\/ionme\/domains\/ion-me.com.vn\/public_html\/wp-content\/uploads\/2023\/04\/1234-e1681464350378.jpg","size":"full","id":4081,"alt":"","pixels":1365650,"type":"image\/jpeg"}],"twitter_card":"summary_large_image","twitter_misc":{"\u01af\u1edbc t\u00ednh th\u1eddi gian \u0111\u1ecdc":"1 ph\u00fat"},"schema":{"@context":"https:\/\/schema.org","@graph":[{"@type":"WebSite","@id":"https:\/\/ion-me.com.vn\/en_us\/#website","url":"https:\/\/ion-me.com.vn\/en_us\/","name":"M&amp;E - People you can trust...","description":"Cung c\u1ea5p tr\u1ecdn g\u00f3i c\u00e1c c\u00f4ng tr\u00ecnh C\u01a1 \u0110i\u1ec7n","potentialAction":[{"@type":"SearchAction","target":{"@type":"EntryPoint","urlTemplate":"https:\/\/ion-me.com.vn\/en_us\/?s={search_term_string}"},"query-input":"required name=search_term_string"}],"inLanguage":"vi"},{"@type":"ImageObject","@id":"https:\/\/ion-me.com.vn\/en_us\/projetcts\/du-an-da-hoan-thanh\/#primaryimage","inLanguage":"vi","url":"https:\/\/ion-me.com.vn\/wp-content\/uploads\/2023\/04\/1234-e1681464350378.jpg","contentUrl":"https:\/\/ion-me.com.vn\/wp-content\/uploads\/2023\/04\/1234-e1681464350378.jpg","width":715,"height":1910},{"@type":"WebPage","@id":"https:\/\/ion-me.com.vn\/en_us\/projetcts\/du-an-da-hoan-thanh\/#webpage","url":"https:\/\/ion-me.com.vn\/en_us\/projetcts\/du-an-da-hoan-thanh\/","name":"Completed Projects - M&amp;E - People you can trust...","isPartOf":{"@id":"https:\/\/ion-me.com.vn\/en_us\/#website"},"primaryImageOfPage":{"@id":"https:\/\/ion-me.com.vn\/en_us\/projetcts\/du-an-da-hoan-thanh\/#primaryimage"},"datePublished":"2023-03-15T02:36:48+00:00","dateModified":"2026-03-19T10:13:22+00:00","breadcrumb":{"@id":"https:\/\/ion-me.com.vn\/en_us\/projetcts\/du-an-da-hoan-thanh\/#breadcrumb"},"inLanguage":"vi","potentialAction":[{"@type":"ReadAction","target":["https:\/\/ion-me.com.vn\/en_us\/projetcts\/du-an-da-hoan-thanh\/"]}]},{"@type":"BreadcrumbList","@id":"https:\/\/ion-me.com.vn\/en_us\/projetcts\/du-an-da-hoan-thanh\/#breadcrumb","itemListElement":[{"@type":"ListItem","position":1,"name":"Home","item":"https:\/\/ion-me.com.vn\/en_us\/"},{"@type":"ListItem","position":2,"name":"Projects","item":"https:\/\/ion-me.com.vn\/en_us\/projetcts\/"},{"@type":"ListItem","position":3,"name":"Completed Projects"}]}]}},"_links":{"self":[{"href":"https:\/\/ion-me.com.vn\/vi\/wp-json\/wp\/v2\/pages\/3266"}],"collection":[{"href":"https:\/\/ion-me.com.vn\/vi\/wp-json\/wp\/v2\/pages"}],"about":[{"href":"https:\/\/ion-me.com.vn\/vi\/wp-json\/wp\/v2\/types\/page"}],"author":[{"embeddable":true,"href":"https:\/\/ion-me.com.vn\/vi\/wp-json\/wp\/v2\/users\/1"}],"replies":[{"embeddable":true,"href":"https:\/\/ion-me.com.vn\/vi\/wp-json\/wp\/v2\/comments?post=3266"}],"version-history":[{"count":8,"href":"https:\/\/ion-me.com.vn\/vi\/wp-json\/wp\/v2\/pages\/3266\/revisions"}],"predecessor-version":[{"id":5892,"href":"https:\/\/ion-me.com.vn\/vi\/wp-json\/wp\/v2\/pages\/3266\/revisions\/5892"}],"up":[{"embeddable":true,"href":"https:\/\/ion-me.com.vn\/vi\/wp-json\/wp\/v2\/pages\/3170"}],"wp:featuredmedia":[{"embeddable":true,"href":"https:\/\/ion-me.com.vn\/vi\/wp-json\/wp\/v2\/media\/4081"}],"wp:attachment":[{"href":"https:\/\/ion-me.com.vn\/vi\/wp-json\/wp\/v2\/media?parent=3266"}],"curies":[{"name":"wp","href":"https:\/\/api.w.org\/{rel}","templated":true}]}}